{"id":760,"date":"2025-01-10T17:25:14","date_gmt":"2025-01-10T17:25:14","guid":{"rendered":"https:\/\/vinhomadeira.web.uma.pt\/?page_id=760"},"modified":"2025-05-22T17:55:04","modified_gmt":"2025-05-22T17:55:04","slug":"o-grupo-de-trabalho","status":"publish","type":"page","link":"https:\/\/vinhomadeira.web.uma.pt\/en\/o-grupo-de-trabalho\/","title":{"rendered":"the Working Group"},"content":{"rendered":"<blockquote class=\"wp-block-quote is-layout-flow wp-block-quote-is-layout-flow\">\n<p id=\"block-f79e6bac-bd07-4a16-ad4f-63b52ef4c4ad\">\u00ab&nbsp;La pierre n&#8217;a point d&#8217;espoir d&#8217;\u00eatre autre chose qu&#8217;une pierre. Mais, de collaborer, elle s&#8217;assemble et devient temple.&nbsp;\u00bb &#8211; Antoine de Saint-Exup\u00e9ry<\/p>\n<\/blockquote>\n\n\n\n<figure class=\"wp-block-image size-full is-style-rounded is-style-rounded--1\" id=\"block-5e385d5e-bb2a-4982-ad33-378c0317884b\"><img loading=\"lazy\" decoding=\"async\" width=\"4006\" height=\"2981\" src=\"https:\/\/vinhomadeira.web.uma.pt\/wp-content\/uploads\/2025\/01\/xxx.jpg\" alt=\"\" class=\"wp-image-1046\"\/><\/figure>\n\n\n\n<div style=\"height:100px\" aria-hidden=\"true\" class=\"wp-block-spacer\"><\/div>\n\n\n\n<h4 class=\"wp-block-heading\" id=\"block-7cef51e4-c1ca-4e90-b0aa-752b591376d4\"><a href=\"https:\/\/uma-pt.academia.edu\/Ant%C3%B3nioJos%C3%A9MarquesdaSilva\">Ant\u00f3nio Jos\u00e9 Marques da Silva<\/a><\/h4>\n\n\n\n<p>(Coordenator)<\/p>\n\n\n\n<figure class=\"wp-block-image size-full is-resized is-style-rounded is-style-rounded--2\"><img loading=\"lazy\" decoding=\"async\" width=\"563\" height=\"710\" src=\"https:\/\/vinhomadeira.web.uma.pt\/wp-content\/uploads\/2025\/01\/Imagem-WhatsApp-2025-01-11-as-10.05.10_dce60500.jpg\" alt=\"\" class=\"wp-image-791\" style=\"width:372px;height:auto\"\/><\/figure>\n\n\n\n<p class=\"translation-block\">Researcher at the <a href=\"https:\/\/citur-tourismresearch.com\/\" target=\"_self\">Centre for Research, Development and Innovation in Tourism<\/a> (CiTUR) - Madeira.<\/p>\n\n\n\n<p class=\"translation-block\">Invited Adjunct Professor at <a href=\"https:\/\/www.uma.pt\/sobre\/faculdades-e-escolas\/escola-superior-de-tecnologias-e-gestao\/\" target=\"_self\">School of Technologies and Management<\/a> of <a href=\"http:\/\/uma.pt\" target=\"_self\">University of Madeira<\/a>.<\/p>\n\n\n\n<p class=\"translation-block\">Post-doctorate in History and Archaeology from <a href=\"https:\/\/www.uc.pt\/\" target=\"_self\">University of Coimbra<\/a>.<\/p>\n\n\n\n<p class=\"translation-block\">PhD in History (specialization in Archaeology) from <a href=\"https:\/\/www.uc.pt\/\" target=\"_self\">University of Coimbra<\/a>.<\/p>\n\n\n\n<p class=\"translation-block\">Master in Roman Archaeology from <a href=\"https:\/\/www.uc.pt\/\" target=\"_self\">University of Coimbra<\/a>.<\/p>\n\n\n\n<p class=\"translation-block\">Integrated researcher at <a href=\"https:\/\/www.catedraunesco.uevora.pt\/\" target=\"_self\">UNESCO Chair in Intangible Heritage and Traditional Know-How: Connecting Heritage<\/a> of the <a href=\"https:\/\/www.uevora.pt\/\" target=\"_self\">University of \u00c9vora<\/a>.<\/p>\n\n\n\n<p class=\"translation-block\">Consultant (UNESCO procedures) of <a href=\"https:\/\/slowfoodbergen.org\/\" target=\"_self\">Slow Food Bergen<\/a>, Task force of Stockfish's international application for Intangible Cultural Heritage of Humanity.<\/p>\n\n\n\n<p class=\"translation-block\">Member of the Scientific Committee of the Foundation '<a href=\"https:\/\/olivetreeroute.gr\/home_page_en\/\" target=\"_self\">The Routes of the Olive Tree<\/a>',<\/p>\n\n\n\n<p class=\"translation-block\">Associate Expert of the PhD in Food Heritage at the <a href=\"https:\/\/www.uc.pt\/fluc\/\" target=\"_self\">Faculty of Arts and Humanities of the University of Coimbra<\/a>.<\/p>\n\n\n\n<p class=\"translation-block\">Partner of the international network '<a href=\"https:\/\/www.uc.pt\/en\/cech\/partnerships\/diaita-lusophony-food-heritage\/\" target=\"_self\">Food Heritage of the Lusophony<\/a>' (DIAITA).<\/p>\n\n\n\n<p>He worked for 15 years in the field of safeguarding archaeological and ethnological heritage, within the context of public and private construction projects across various regions of mainland Portugal. During this time, he was commissioned by the Ministry of Culture to conduct a dozen ethnographic surveys focusing on levadas (irrigation channels), water mills, stone pavements, and other vernacular structures.<\/p>\n\n\n\n<p>He has conducted research on the Mediterranean diet, Alentejo Talha wine, cod and stockfish, as well as the traditions surrounding Madeira wine, couscous, and alfenim.<\/p>\n\n\n\n<p><a href=\"https:\/\/www.cienciavitae.pt\/\/0C1B-EE3F-B88F\">https:\/\/www.cienciavitae.pt\/\/0C1B-EE3F-B88F<\/a><\/p>\n\n\n\n<p><a href=\"https:\/\/orcid.org\/0000-0002-5971-1574\">https:\/\/orcid.org\/0000-0002-5971-1574 <\/a><\/p>\n\n\n\n<div style=\"height:100px\" aria-hidden=\"true\" class=\"wp-block-spacer\"><\/div>\n\n\n\n<h4 class=\"wp-block-heading\"><a href=\"https:\/\/uma-pt.academia.edu\/NaideaNunes\">Naidea Nunes Nunes<\/a><\/h4>\n\n\n\n<p><\/p>\n\n\n\n<figure class=\"wp-block-image size-full is-resized is-style-rounded is-style-rounded--3\"><img loading=\"lazy\" decoding=\"async\" width=\"480\" height=\"450\" src=\"https:\/\/vinhomadeira.web.uma.pt\/wp-content\/uploads\/2025\/01\/Naidea-Nunes_Foto-Atualizada.png\" alt=\"\" class=\"wp-image-784\" style=\"width:374px;height:auto\"\/><\/figure>\n\n\n\n<p class=\"translation-block\">Associate Professor at the Department of Languages, Literatures and Cultures of the <a href=\"https:\/\/www.uma.pt\/sobre\/faculdades-e-escolas\/artes-e-humanidades\/\" target=\"_self\">Faculty of Arts and Humanities of the University of Madeira<\/a>.<\/p>\n\n\n\n<p class=\"translation-block\">Post-Doctorate in Language Sciences and Applied Linguistics from <a href=\"https:\/\/www.google.com\/aclk?sa=l&amp;ai=DChcSEwiHyZL1huyKAxXdnoMHHeHvIH8YABABGgJlZg&amp;co=1&amp;ase=2&amp;gclid=CjwKCAiAp4O8BhAkEiwAqv2UqBzJajNN7VeV1ktUbqLjFBSTFdB7HkDE-_uOwgbljmqQCigLUa-v0RoCwAQQAvD_BwE&amp;sig=AOD64_0i_P4L-jPQ187ucpknn7aTHPdT4g&amp;q&amp;nis=4&amp;adurl&amp;ved=2ahUKEwiS84z1huyKAxX0_7sIHf_HFUUQ0Qx6BAgGEAE\" target=\"_self\">Pompeu Fabra University<\/a> (Barcelona, Spain).<\/p>\n\n\n\n<p class=\"translation-block\">PhD in Romance Linguistics \u2013 History of the Portuguese Language from <a href=\"http:\/\/uma.pt\" target=\"_self\">University of Madeira<\/a>.<\/p>\n\n\n\n<p class=\"translation-block\">Master's degree in Portuguese Linguistics from <a href=\"https:\/\/www.letras.ulisboa.pt\/pt\/sobre-a-flul\/a-faculdade\" target=\"_self\">Faculty of Arts and Humanities of the University of Lisbon<\/a>.<\/p>\n\n\n\n<p class=\"translation-block\">Researcher integrated in the <a href=\"https:\/\/www.catedraunesco.uevora.pt\/\" target=\"_self\">UNESCO Chair in Intangible Heritage and Traditional Know-How: Connecting Heritage<\/a> of the <a href=\"https:\/\/www.uevora.pt\/\" target=\"_self\">University of \u00c9vora<\/a>.<\/p>\n\n\n\n<p class=\"translation-block\">Researcher integrated in the <a href=\"https:\/\/www.clul.ulisboa.pt\/grupo\/dialetologia-e-diacronia?page=5\" target=\"_self\">Centre for Linguistics of the University of Lisbon, in the area of Dialectology and Diachrony<\/a>, collaborating in the publication of the Linguistic-Ethnographic Atlas of Madeira and Porto Santo.<\/p>\n\n\n\n<p class=\"translation-block\">Collaborator of the <a href=\"https:\/\/cierl.uma.pt\/\" target=\"_self\">Centre for Research in Regional and Local Studies of the University of Madeira<\/a> (CIERL) and the Centre for Research, Development and Innovation in Tourism (CiTUR), at the University of Madeira, in the research line Tourism, Culture, Society and Language.<\/p>\n\n\n\n<p>She has conducted research in the following areas: anthroponymy, lexicon and terminology, sugar culture in the Mediterranean and the Atlantic, migrations and mobilities, Madeiran regionalisms, regional traditions, ethnolinguistic tourism, and intangible cultural heritage. <\/p>\n\n\n\n<p><a href=\"https:\/\/www.cienciavitae.pt\/portal\/7E13-00C9-6756\">https:\/\/www.cienciavitae.pt\/portal\/7E13-00C9-6756<\/a><\/p>\n\n\n\n<p><a href=\"https:\/\/orcid.org\/0000-0002-6959-608X\">https:\/\/orcid.org\/0000-0002-6959-608X<\/a><\/p>\n\n\n\n<p><\/p>\n\n\n\n<div style=\"height:100px\" aria-hidden=\"true\" class=\"wp-block-spacer\"><\/div>\n\n\n\n<h4 class=\"wp-block-heading\"><a href=\"https:\/\/orcid.org\/0000-0002-0221-880X\">Rossana Andreia Neves dos Santos<\/a> <\/h4>\n\n\n\n<figure class=\"wp-block-image size-full is-resized is-style-rounded is-style-rounded--4\"><img loading=\"lazy\" decoding=\"async\" width=\"1920\" height=\"1919\" src=\"https:\/\/vinhomadeira.web.uma.pt\/wp-content\/uploads\/2025\/01\/thumbnail_FOTO-Rossana.jpg\" alt=\"\" class=\"wp-image-783\" style=\"width:398px;height:auto\"\/><\/figure>\n\n\n\n<p class=\"translation-block\">Adjunct Professor at <a href=\"https:\/\/www.uma.pt\/sobre\/faculdades-e-escolas\/escola-superior-de-tecnologias-e-gestao\/\" target=\"_self\">School of Technologies and Management<\/a> of <a href=\"http:\/\/uma.pt\" target=\"_self\">University of Madeira<\/a>.<\/p>\n\n\n\n<p>Doutorada em Turismo e Mestre em Gest\u00e3o e Desenvolvimento em Turismo.<\/p>\n\n\n\n<p>Investigadora integrada no <a href=\"https:\/\/citur-tourismresearch.com\/\">Centro de Investiga\u00e7\u00e3o, Desenvolvimento e Inova\u00e7\u00e3o em Turismo<\/a> (CiTUR) do Polo Madeira.<\/p>\n\n\n\n<p>Tem feito publica\u00e7\u00f5es cient\u00edficas relacionadas (sobretudo) com as seguintes tem\u00e1ticas: Emigra\u00e7\u00e3o e Turismo; Turismo em \u00c1reas Rurais, Turismo Sustent\u00e1vel; Patrim\u00f3nio Cultural e Turismo; Capacidade de Carga do Destino; Slow Tourism; Coopera\u00e7\u00e3o Territorial e Turismo.<\/p>\n\n\n\n<p>Tem exercido fun\u00e7\u00f5es de doc\u00eancia e de dire\u00e7\u00e3o de cursos superiores nas \u00e1reas do turismo e hotelaria em Portugal.<\/p>\n\n\n\n<p class=\"translation-block\">She is a member of the <a href=\"https:\/\/www.uma.pt\/sobre\/extensao-universitaria\/comissao-igualdade-inclusao\/\" target=\"_self\">Commission for Inclusion and Equality<\/a> of <a href=\"http:\/\/uma.pt\" target=\"_self\">University of Madeira<\/a>.<\/p>\n\n\n\n<p>\u00c9 membro do grupo de trabalho multidisciplinar envolvido na prepara\u00e7\u00e3o da candidatura (em curso) das Tradi\u00e7\u00f5es do Vinho Madeira para a inscri\u00e7\u00e3o no Patrim\u00f3nio Cultural Imaterial da UNESCO (Lista Representativa).<\/p>\n\n\n\n<p><a href=\"https:\/\/www.cienciavitae.pt\/portal\/EF1E-D77B-0274\" data-type=\"link\" data-id=\"https:\/\/www.cienciavitae.pt\/portal\/EF1E-D77B-0274\">https:\/\/www.cienciavitae.pt\/portal\/EF1E-D77B-0274<\/a><\/p>\n\n\n\n<p><a href=\"https:\/\/orcid.org\/0000-0002-0221-880X\">https:\/\/orcid.org\/0000-0002-0221-880X<\/a><\/p>\n\n\n\n<p><\/p>","protected":false},"excerpt":{"rendered":"<p>\u00ab&nbsp;La pierre n&#8217;a point d&#8217;espoir d&#8217;\u00eatre autre chose qu&#8217;une pierre. Mais, de collaborer, elle s&#8217;assemble et devient temple.&nbsp;\u00bb &#8211; Antoine de Saint-Exup\u00e9ry Ant\u00f3nio Jos\u00e9 Marques da Silva (Coordenador) Investigador Auxiliar convidado do Centro de Investiga\u00e7\u00e3o, Desenvolvimento e Inova\u00e7\u00e3o em Turismo (CiTUR) do polo Madeira. Professor Adjunto convidado da Escola Superior de Tecnologias e Gest\u00e3o da [&hellip;]<\/p>","protected":false},"author":2,"featured_media":0,"parent":0,"menu_order":0,"comment_status":"closed","ping_status":"closed","template":"","meta":{"footnotes":""},"class_list":["post-760","page","type-page","status-publish","hentry"],"_links":{"self":[{"href":"https:\/\/vinhomadeira.web.uma.pt\/en\/wp-json\/wp\/v2\/pages\/760","targetHints":{"allow":["GET"]}}],"collection":[{"href":"https:\/\/vinhomadeira.web.uma.pt\/en\/wp-json\/wp\/v2\/pages"}],"about":[{"href":"https:\/\/vinhomadeira.web.uma.pt\/en\/wp-json\/wp\/v2\/types\/page"}],"author":[{"embeddable":true,"href":"https:\/\/vinhomadeira.web.uma.pt\/en\/wp-json\/wp\/v2\/users\/2"}],"replies":[{"embeddable":true,"href":"https:\/\/vinhomadeira.web.uma.pt\/en\/wp-json\/wp\/v2\/comments?post=760"}],"version-history":[{"count":19,"href":"https:\/\/vinhomadeira.web.uma.pt\/en\/wp-json\/wp\/v2\/pages\/760\/revisions"}],"predecessor-version":[{"id":1356,"href":"https:\/\/vinhomadeira.web.uma.pt\/en\/wp-json\/wp\/v2\/pages\/760\/revisions\/1356"}],"wp:attachment":[{"href":"https:\/\/vinhomadeira.web.uma.pt\/en\/wp-json\/wp\/v2\/media?parent=760"}],"curies":[{"name":"wp","href":"https:\/\/api.w.org\/{rel}","templated":true}]}}