{"id":639,"date":"2025-01-08T21:20:56","date_gmt":"2025-01-08T21:20:56","guid":{"rendered":"https:\/\/vinhomadeira.web.uma.pt\/?page_id=639"},"modified":"2025-04-19T18:58:36","modified_gmt":"2025-04-19T18:58:36","slug":"submeter-um-depoimento","status":"publish","type":"page","link":"https:\/\/vinhomadeira.web.uma.pt\/en\/submeter-um-depoimento\/","title":{"rendered":"Upload your Testimony now"},"content":{"rendered":"<blockquote class=\"wp-block-quote is-layout-flow wp-block-quote-is-layout-flow\">\n<p class=\"translation-block\">An application dossier for the Representative List of the Intangible Cultural Heritage must always include <strong>testimonies from members of the communities<\/strong> who identify with the cultural expressions proposed for inscription.<\/p>\n<\/blockquote>\n\n\n\n<figure class=\"wp-block-image size-full is-style-rounded is-style-rounded--1\"><img loading=\"lazy\" decoding=\"async\" width=\"2048\" height=\"1536\" src=\"https:\/\/vinhomadeira.web.uma.pt\/wp-content\/uploads\/2025\/01\/465675217_954717953365175_2468879506903782907_n.jpg\" alt=\"\" class=\"wp-image-1016\"\/><figcaption class=\"wp-element-caption\">Credits: Confraria Enogastron\u00f3mica da Madeira<\/figcaption><\/figure>\n\n\n\n<div style=\"height:40px\" aria-hidden=\"true\" class=\"wp-block-spacer\"><\/div>\n\n\n\n<p>CONTENT OF THE TESTIMONY<\/p>\n\n\n\n<p class=\"translation-block\">A testimony is a <strong>written statement<\/strong>, which attempts <strong>to answer the following two questions<\/strong>:<\/p>\n\n\n\n<p>1- <em>Do you believe that the Madeira Wine Traditions contribute to the objectives set out in the Convention for the Safeguarding of the Intangible Cultural Heritage?<\/em><\/p>\n\n\n\n<p>They are:<\/p>\n\n\n\n<ul class=\"wp-block-list is-style-checkmark-list\">\n<li class=\"translation-block\">giving visibility and raise awareness of the <strong>importance<\/strong> <strong>of intangible cultural heritage<\/strong><\/li>\n\n\n\n<li class=\"translation-block\">Promoting <strong>dialogue<\/strong><\/li>\n\n\n\n<li class=\"translation-block\">Reflecting <strong>cultural diversity<\/strong>l and witnessing <strong>human creativity<\/strong><\/li>\n<\/ul>\n\n\n\n<p><\/p>\n\n\n\n<p>2- <em>Do you think that the Madeira Wine Traditions contribute to the following aspects (if you think so, explain why)?<\/em><\/p>\n\n\n\n<ul class=\"wp-block-list is-style-checkmark-list\">\n<li>a <strong>food security<\/strong><\/li>\n\n\n\n<li class=\"translation-block\"><strong>healt care<\/strong><\/li>\n\n\n\n<li class=\"translation-block\"><strong>quality education<\/strong><\/li>\n\n\n\n<li class=\"translation-block\"><strong>gender equality<\/strong><\/li>\n\n\n\n<li class=\"translation-block\"><strong>inclusive economic development<\/strong><\/li>\n\n\n\n<li class=\"translation-block\"><strong>environmental sustainability<\/strong>,  including climate change<\/li>\n\n\n\n<li class=\"translation-block\"><strong>peace and social cohesion<\/strong><\/li>\n\n\n\n<li class=\"translation-block\"><strong>others<\/strong> (<em>please specify<\/em>)<\/li>\n<\/ul>\n\n\n\n<div style=\"height:37px\" aria-hidden=\"true\" class=\"wp-block-spacer\"><\/div>\n\n\n\n<p>SUBMIT<\/p>\n\n\n\n<p class=\"translation-block\">Once ready, the testimony must be submitted through <strong>this form<\/strong>:<\/p>\n\n\n\n<div class=\"wpcf7 no-js\" id=\"wpcf7-f655-o1\" lang=\"pt-PT\" dir=\"ltr\" data-wpcf7-id=\"655\">\n<div class=\"screen-reader-response\"><p role=\"status\" aria-live=\"polite\" aria-atomic=\"true\"><\/p> <ul><\/ul><\/div>\n<form action=\"\/en\/wp-json\/wp\/v2\/pages\/639#wpcf7-f655-o1\" method=\"post\" class=\"wpcf7-form init\" aria-label=\"Contact form\" enctype=\"multipart\/form-data\" novalidate=\"novalidate\" data-status=\"init\" data-trp-original-action=\"\/en\/wp-json\/wp\/v2\/pages\/639#wpcf7-f655-o1\">\n<div style=\"display: none;\">\n<input type=\"hidden\" name=\"_wpcf7\" value=\"655\" \/>\n<input type=\"hidden\" name=\"_wpcf7_version\" value=\"6.0.6\" \/>\n<input type=\"hidden\" name=\"_wpcf7_locale\" value=\"pt_PT\" \/>\n<input type=\"hidden\" name=\"_wpcf7_unit_tag\" value=\"wpcf7-f655-o1\" \/>\n<input type=\"hidden\" name=\"_wpcf7_container_post\" value=\"0\" \/>\n<input type=\"hidden\" name=\"_wpcf7_posted_data_hash\" value=\"\" \/>\n<\/div>\n<p><label> Your name<br \/>\n<span class=\"wpcf7-form-control-wrap\" data-name=\"your-name\"><input size=\"40\" maxlength=\"400\" class=\"wpcf7-form-control wpcf7-text wpcf7-validates-as-required\" autocomplete=\"name\" aria-required=\"true\" aria-invalid=\"false\" value=\"\" type=\"text\" name=\"your-name\" \/><\/span> <\/label>\n<\/p>\n<p><label> Your email<br \/>\n<span class=\"wpcf7-form-control-wrap\" data-name=\"your-email\"><input size=\"40\" maxlength=\"400\" class=\"wpcf7-form-control wpcf7-email wpcf7-validates-as-required wpcf7-text wpcf7-validates-as-email\" autocomplete=\"email\" aria-required=\"true\" aria-invalid=\"false\" value=\"\" type=\"email\" name=\"your-email\" \/><\/span> <\/label><br \/>\nYour email address will not be published.\n<\/p>\n<p><label> Your organization (optional)<br \/>\n<span class=\"wpcf7-form-control-wrap\" data-name=\"your-subject\"><input size=\"40\" maxlength=\"400\" class=\"wpcf7-form-control wpcf7-text\" aria-invalid=\"false\" value=\"\" type=\"text\" name=\"your-subject\" \/><\/span> <\/label>\n<\/p>\n<p><label> Your message (optional)<br \/>\n<span class=\"wpcf7-form-control-wrap\" data-name=\"your-message\"><textarea cols=\"40\" rows=\"10\" maxlength=\"2000\" class=\"wpcf7-form-control wpcf7-textarea\" aria-invalid=\"false\" name=\"your-message\"><\/textarea><\/span> <\/label>\n<\/p>\n<p><span class=\"wpcf7-form-control-wrap\" data-name=\"file-948\"><input size=\"40\" class=\"wpcf7-form-control wpcf7-file\" accept=\".txt,application\/pdf\" aria-invalid=\"false\" type=\"file\" name=\"file-948\" \/><\/span>\n<\/p>\n<p><input class=\"wpcf7-form-control wpcf7-submit has-spinner\" type=\"submit\" value=\"Submit\" \/>\n<\/p><div class=\"wpcf7-response-output\" aria-hidden=\"true\"><\/div>\n<input type=\"hidden\" name=\"trp-form-language\" value=\"en\"\/><\/form>\n<\/div>\n\n\n\n<div style=\"height:37px\" aria-hidden=\"true\" class=\"wp-block-spacer\"><\/div>\n\n\n\n<p class=\"translation-block\">In the case of an <strong>audio or audiovisual testimony<\/strong>, please send the file by email: <a href=\"mailto:gtcvm@mail.uma.pt\" target=\"_self\"><strong>gtcvm@mail.uma.pt<\/strong><\/a><\/p>\n\n\n\n<p><\/p>","protected":false},"excerpt":{"rendered":"<p>Um dossi\u00ea de candidatura \u00e0 Lista Representativa do Patrim\u00f3nio Cultural Imaterial deve sempre incluir depoimentos de membros das comunidades que se identificam com as manifesta\u00e7\u00f5es culturais propostas para inscri\u00e7\u00e3o. TEOR DO DEPOIMENTO Um depoimento \u00e9 uma declara\u00e7\u00e3o escrita, que tenta responder \u00e0s duas perguntas seguintes: 1- Acha que as tradi\u00e7\u00f5es do Vinho Madeira contribuem para [&hellip;]<\/p>","protected":false},"author":2,"featured_media":0,"parent":0,"menu_order":0,"comment_status":"closed","ping_status":"closed","template":"","meta":{"footnotes":""},"class_list":["post-639","page","type-page","status-publish","hentry"],"_links":{"self":[{"href":"https:\/\/vinhomadeira.web.uma.pt\/en\/wp-json\/wp\/v2\/pages\/639","targetHints":{"allow":["GET"]}}],"collection":[{"href":"https:\/\/vinhomadeira.web.uma.pt\/en\/wp-json\/wp\/v2\/pages"}],"about":[{"href":"https:\/\/vinhomadeira.web.uma.pt\/en\/wp-json\/wp\/v2\/types\/page"}],"author":[{"embeddable":true,"href":"https:\/\/vinhomadeira.web.uma.pt\/en\/wp-json\/wp\/v2\/users\/2"}],"replies":[{"embeddable":true,"href":"https:\/\/vinhomadeira.web.uma.pt\/en\/wp-json\/wp\/v2\/comments?post=639"}],"version-history":[{"count":25,"href":"https:\/\/vinhomadeira.web.uma.pt\/en\/wp-json\/wp\/v2\/pages\/639\/revisions"}],"predecessor-version":[{"id":1261,"href":"https:\/\/vinhomadeira.web.uma.pt\/en\/wp-json\/wp\/v2\/pages\/639\/revisions\/1261"}],"wp:attachment":[{"href":"https:\/\/vinhomadeira.web.uma.pt\/en\/wp-json\/wp\/v2\/media?parent=639"}],"curies":[{"name":"wp","href":"https:\/\/api.w.org\/{rel}","templated":true}]}}