{"id":607,"date":"2025-01-08T17:07:33","date_gmt":"2025-01-08T17:07:33","guid":{"rendered":"https:\/\/vinhomadeira.web.uma.pt\/?page_id=607"},"modified":"2025-02-05T18:33:16","modified_gmt":"2025-02-05T18:33:16","slug":"subscrever-a-carta","status":"publish","type":"page","link":"https:\/\/vinhomadeira.web.uma.pt\/en\/subscrever-a-carta\/","title":{"rendered":"subscribe the Charter now"},"content":{"rendered":"<blockquote class=\"wp-block-quote is-layout-flow wp-block-quote-is-layout-flow\">\n<p>The signatories undertake, first and foremost, to respect the principles enshrined in the ICH Convention and express their commitment to safeguarding the Madeira Wine Traditions.<\/p>\n<\/blockquote>\n\n\n\n<figure class=\"wp-block-image size-large is-style-rounded is-style-rounded--1\"><img decoding=\"async\" src=\"https:\/\/visitmadeira.com\/media\/y13j12tm\/5_madeira-wine-festival-estreito055-francisco-correia.jpg?rmode=max&amp;width=890&amp;height=500\" alt=\"\"\/><figcaption class=\"wp-element-caption\">Cr\u00e9ditos: SRETC.<\/figcaption><\/figure>\n\n\n\n<div style=\"height:100px\" aria-hidden=\"true\" class=\"wp-block-spacer\"><\/div>\n\n\n\n<p class=\"translation-block\">The <a href=\"https:\/\/vinhomadeira.web.uma.pt\/en\/?page_id=389\" data-type=\"page\" data-id=\"389\" target=\"_self\"><strong>Charter for the Safeguarding of Madeira Wine Traditions<\/strong><\/a> was publicly presented and discussed on 14 December 2024, during the <a href=\"https:\/\/meocloud.pt\/link\/55cd8a5b-bd9c-4aa3-a80d-2ed7afc77c44\/14122024ProgramaPT.pdf\/\" data-type=\"link\" data-id=\"https:\/\/www.uma.pt\/noticias\/universidade-da-madeira-ja-submeteu-o-pedido-de-inscricao-das-tradicoes-do-vinho-madeira-no-inventario-nacional-do-patrimonio-cultural-imaterial\/\" target=\"_self\">meeting \"Viticulture and Madeira Wine Traditions\"<\/a>, held at the Civic Centre in Estreito de C\u00e2mara de Lobos.<\/p>\n\n\n\n<p class=\"translation-block\"><strong>The more signatories<\/strong> the Charter for Safeguarding has, <strong>the stronger the application<\/strong> for including Madeira Wine Traditions on the Representative List of Intangible Cultural Heritage will be (see <a href=\"https:\/\/vinhomadeira.web.uma.pt\/en\/?page_id=393\" data-type=\"page\" data-id=\"393\" target=\"_self\"><strong>why<\/strong><\/a>).<\/p>\n\n\n\n<div style=\"height:100px\" aria-hidden=\"true\" class=\"wp-block-spacer\"><\/div>\n\n\n\n<p class=\"translation-block\">To subscribe, simply <strong>complete the form<\/strong> below:<\/p>\n\n\n\n<div class=\"wpcf7 no-js\" id=\"wpcf7-f609-o1\" lang=\"pt-PT\" dir=\"ltr\" data-wpcf7-id=\"609\">\n<div class=\"screen-reader-response\"><p role=\"status\" aria-live=\"polite\" aria-atomic=\"true\"><\/p> <ul><\/ul><\/div>\n<form action=\"\/en\/wp-json\/wp\/v2\/pages\/607#wpcf7-f609-o1\" method=\"post\" class=\"wpcf7-form init\" aria-label=\"Contact form\" novalidate=\"novalidate\" data-status=\"init\" data-trp-original-action=\"\/en\/wp-json\/wp\/v2\/pages\/607#wpcf7-f609-o1\">\n<div style=\"display: none;\">\n<input type=\"hidden\" name=\"_wpcf7\" value=\"609\" \/>\n<input type=\"hidden\" name=\"_wpcf7_version\" value=\"6.0.6\" \/>\n<input type=\"hidden\" name=\"_wpcf7_locale\" value=\"pt_PT\" \/>\n<input type=\"hidden\" name=\"_wpcf7_unit_tag\" value=\"wpcf7-f609-o1\" \/>\n<input type=\"hidden\" name=\"_wpcf7_container_post\" value=\"0\" \/>\n<input type=\"hidden\" name=\"_wpcf7_posted_data_hash\" value=\"\" \/>\n<\/div>\n<p><label> Your name<br \/>\n<span class=\"wpcf7-form-control-wrap\" data-name=\"your-name\"><input size=\"40\" maxlength=\"400\" class=\"wpcf7-form-control wpcf7-text wpcf7-validates-as-required\" autocomplete=\"name\" aria-required=\"true\" aria-invalid=\"false\" value=\"\" type=\"text\" name=\"your-name\" \/><\/span> <\/label>\n<\/p>\n<p><label> Your email (only for internal use)<br \/>\n<span class=\"wpcf7-form-control-wrap\" data-name=\"your-email\"><input size=\"40\" maxlength=\"400\" class=\"wpcf7-form-control wpcf7-email wpcf7-validates-as-required wpcf7-text wpcf7-validates-as-email\" autocomplete=\"email\" aria-required=\"true\" aria-invalid=\"false\" value=\"\" type=\"email\" name=\"your-email\" \/><\/span> <\/label><br \/>\nYour email address will not be published.\n<\/p>\n<p><label> Your organization (if applicable)<br \/>\n<span class=\"wpcf7-form-control-wrap\" data-name=\"your-organization\"><input size=\"40\" maxlength=\"400\" class=\"wpcf7-form-control wpcf7-text\" aria-invalid=\"false\" value=\"\" type=\"text\" name=\"your-organization\" \/><\/span> <\/label>\n<\/p>\n<p><label> Country<br \/>\n<span class=\"wpcf7-form-control-wrap\" data-name=\"your-country\"><input size=\"40\" maxlength=\"400\" class=\"wpcf7-form-control wpcf7-text wpcf7-validates-as-required\" aria-required=\"true\" aria-invalid=\"false\" value=\"\" type=\"text\" name=\"your-country\" \/><\/span> <\/label>\n<\/p>\n<p><label> Locality<br \/>\n<span class=\"wpcf7-form-control-wrap\" data-name=\"your-city\"><input size=\"40\" maxlength=\"400\" class=\"wpcf7-form-control wpcf7-text wpcf7-validates-as-required\" aria-required=\"true\" aria-invalid=\"false\" value=\"\" type=\"text\" name=\"your-city\" \/><\/span> <\/label>\n<\/p>\n<p><label> Your message (optional)<br \/>\n<span class=\"wpcf7-form-control-wrap\" data-name=\"your-message\"><textarea cols=\"40\" rows=\"10\" maxlength=\"2000\" class=\"wpcf7-form-control wpcf7-textarea\" aria-invalid=\"false\" name=\"your-message\"><\/textarea><\/span> <\/label>\n<\/p>\n<p><span class=\"wpcf7-form-control-wrap\" data-name=\"acceptance-78\"><span class=\"wpcf7-form-control wpcf7-acceptance optional\"><span class=\"wpcf7-list-item\"><label><input type=\"checkbox\" name=\"acceptance-78\" value=\"1\" class=\"Declaro que subscrevo a Carta\" aria-invalid=\"false\" \/><span class=\"wpcf7-list-item-label\">I declare that I subscribe to the Charter for the Safeguarding of the  Madeira Wine Traditions.<\/span><\/label><\/span><\/span><\/span>\n<\/p>\n<p><input class=\"wpcf7-form-control wpcf7-submit has-spinner\" type=\"submit\" value=\"Submit\" \/>\n<\/p><div class=\"wpcf7-response-output\" aria-hidden=\"true\"><\/div>\n<input type=\"hidden\" name=\"trp-form-language\" value=\"en\"\/><\/form>\n<\/div>","protected":false},"excerpt":{"rendered":"<p>Os subscritores comprometem-se, em primeiro lugar, a respeitar os princ\u00edpios inscritos na Conven\u00e7\u00e3o do PCI e expressam a sua vontade de salvaguardar as tradi\u00e7\u00f5es do Vinho Madeira. A Carta para a Salvaguarda das Tradi\u00e7\u00f5es do Vinho Madeira foi apresentada publicamente e sujeita \u00e0 discuss\u00e3o no dia 14 de dezembro de 2024, no encontro &#8220;Viticultura e [&hellip;]<\/p>","protected":false},"author":2,"featured_media":0,"parent":0,"menu_order":0,"comment_status":"closed","ping_status":"closed","template":"","meta":{"footnotes":""},"class_list":["post-607","page","type-page","status-publish","hentry"],"_links":{"self":[{"href":"https:\/\/vinhomadeira.web.uma.pt\/en\/wp-json\/wp\/v2\/pages\/607","targetHints":{"allow":["GET"]}}],"collection":[{"href":"https:\/\/vinhomadeira.web.uma.pt\/en\/wp-json\/wp\/v2\/pages"}],"about":[{"href":"https:\/\/vinhomadeira.web.uma.pt\/en\/wp-json\/wp\/v2\/types\/page"}],"author":[{"embeddable":true,"href":"https:\/\/vinhomadeira.web.uma.pt\/en\/wp-json\/wp\/v2\/users\/2"}],"replies":[{"embeddable":true,"href":"https:\/\/vinhomadeira.web.uma.pt\/en\/wp-json\/wp\/v2\/comments?post=607"}],"version-history":[{"count":16,"href":"https:\/\/vinhomadeira.web.uma.pt\/en\/wp-json\/wp\/v2\/pages\/607\/revisions"}],"predecessor-version":[{"id":1238,"href":"https:\/\/vinhomadeira.web.uma.pt\/en\/wp-json\/wp\/v2\/pages\/607\/revisions\/1238"}],"wp:attachment":[{"href":"https:\/\/vinhomadeira.web.uma.pt\/en\/wp-json\/wp\/v2\/media?parent=607"}],"curies":[{"name":"wp","href":"https:\/\/api.w.org\/{rel}","templated":true}]}}