{"id":461,"date":"2025-01-05T21:36:40","date_gmt":"2025-01-05T21:36:40","guid":{"rendered":"https:\/\/vinhomadeira.web.uma.pt\/?page_id=461"},"modified":"2026-03-16T22:37:20","modified_gmt":"2026-03-16T22:37:20","slug":"o-kit-de-apoio-ao-embaixador","status":"publish","type":"page","link":"https:\/\/vinhomadeira.web.uma.pt\/en\/o-kit-de-apoio-ao-embaixador\/","title":{"rendered":"the Ambassador support Kit"},"content":{"rendered":"<blockquote class=\"wp-block-quote is-layout-flow wp-block-quote-is-layout-flow\">\n<p>The ambassadors of the Madeira Wine Traditions application can find here the tools they need to carry out their mission.<\/p>\n<\/blockquote>\n\n\n\n<figure class=\"wp-block-image aligncenter size-full is-resized is-style-rounded is-style-rounded--1\"><img loading=\"lazy\" decoding=\"async\" width=\"5000\" height=\"5430\" src=\"https:\/\/vinhomadeira.web.uma.pt\/wp-content\/uploads\/2025\/01\/001-Foto-MWC-1-1_Viticultura_Madeira-Wine-Company_7G-3.jpg\" alt=\"\" class=\"wp-image-465\" style=\"width:411px;height:auto\"\/><\/figure>\n\n\n\n<div style=\"height:100px\" aria-hidden=\"true\" class=\"wp-block-spacer\"><\/div>\n\n\n\n<p class=\"translation-block\">The<strong> support kit consists of<\/strong> a set of tools that can help an Ambassador carry out his or her mission:<\/p>\n\n\n\n<ul class=\"wp-block-list is-style-checkmark-list\">\n<li class=\"translation-block\">a <strong>press release<\/strong>, presenting the application in summary form (<a href=\"https:\/\/vinhomadeira.web.uma.pt\/wp-content\/uploads\/2025\/01\/Candidatura-tradicoes-do-Vinho-Madeira-PCI-Nota-de-imprensa-07-01-2025.pdf\" target=\"_self\"><strong>PDF<\/strong><\/a>);<\/li>\n\n\n\n<li class=\"translation-block\">the <strong>Madeira Wine Traditions Charter<\/strong> (PDF: <a href=\"https:\/\/vinhomadeira.web.uma.pt\/wp-content\/uploads\/2025\/01\/Carta-das-tradicoes-do-vinho-Madeira-PT.pdf\" target=\"_self\"><strong>PT<\/strong><\/a>\/<a href=\"https:\/\/vinhomadeira.web.uma.pt\/wp-content\/uploads\/2025\/01\/The-Madeira-Wine-Traditions-Charter-EN.pdf\" target=\"_self\"><strong>EN<\/strong><\/a>);<\/li>\n\n\n\n<li class=\"translation-block\">a <strong>presentation<\/strong> about the application intended to be used in public awareness-raising actions (PDF: <a href=\"https:\/\/vinhomadeira.web.uma.pt\/wp-content\/uploads\/2026\/03\/Candidatura-Tradicoes-do-Vinho-Madeira-PCI-da-Humanidade-Apresentacao.pdf\" target=\"_self\"><strong>PT<\/strong><\/a>\/<a href=\"https:\/\/vinhomadeira.web.uma.pt\/wp-content\/uploads\/2025\/04\/Rv_Apresentacao-de-abertura-09092024-EN.pdf\" data-type=\"attachment\" data-id=\"1344\" target=\"_self\"><strong>EN<\/strong><\/a>);<\/li>\n\n\n\n<li class=\"translation-block\">an <strong>example of a Letter of Consent<\/strong> (PDF: <a href=\"https:\/\/vinhomadeira.web.uma.pt\/wp-content\/uploads\/2025\/01\/1b-Declaracao-de-consentimento-Camara-Municipal-of-Camara-de-Lobos-Portuguese-version.pdf\" target=\"_self\"><strong>PT\/<\/strong><\/a><a href=\"https:\/\/vinhomadeira.web.uma.pt\/wp-content\/uploads\/2025\/01\/1a-Letter-of-consent-Camara-Municipal-of-Camara-de-Lobos-English-version.pdf\" target=\"_self\"><strong>EN<\/strong><\/a>);<\/li>\n\n\n\n<li class=\"translation-block\">An updated <strong>state of the art<\/strong> on the current status of the application (PDF: <strong><a href=\"https:\/\/vinhomadeira.web.uma.pt\/wp-content\/uploads\/2025\/01\/Candidatura-Tradicoes-do-Vinho-Madeira-a-PCI-da-Humanidade-Estado-da-arte-07-01-2025.pdf\" target=\"_self\">PT<\/a>\/<a href=\"https:\/\/vinhomadeira.web.uma.pt\/wp-content\/uploads\/2025\/04\/Application-of-Madeira-Wine-Traditions-to-the-Representative-List-of-ICH-State-of-Play-07-01-2025.pdf\" data-type=\"attachment\" data-id=\"1348\" target=\"_self\">EN<\/a><\/strong>).<\/li>\n<\/ul>\n\n\n\n<div style=\"height:100px\" aria-hidden=\"true\" class=\"wp-block-spacer\"><\/div>\n\n\n\n<p class=\"translation-block\">See what an Ambassador can do for the appplication <strong><a href=\"https:\/\/vinhomadeira.web.uma.pt\/en\/?page_id=430\" data-type=\"page\" data-id=\"430\" target=\"_self\">here<\/a><\/strong>.<\/p>\n\n\n\n<p class=\"translation-block\">You can find the list of Ambassadors <strong><a href=\"https:\/\/vinhomadeira.web.uma.pt\/en\/?page_id=438\" data-type=\"page\" data-id=\"438\" target=\"_self\">here<\/a><\/strong>.<\/p>\n\n\n\n<p><\/p>","protected":false},"excerpt":{"rendered":"<p>Os embaixadores da candidatura das tradi\u00e7\u00f5es do Vinho Madeira podem encontrar aqui as ferramentas que necessitam para desempenharem o seu papel. O kit de apoio \u00e9 composto por um conjunto de ferramentas que podem ajudar um(a) Embaixador(a) a levar a cabo a sua miss\u00e3o: Veja o que pode fazer um(a) Embaixador(a) em prol da candidatura [&hellip;]<\/p>","protected":false},"author":2,"featured_media":0,"parent":0,"menu_order":0,"comment_status":"closed","ping_status":"closed","template":"","meta":{"footnotes":""},"class_list":["post-461","page","type-page","status-publish","hentry"],"_links":{"self":[{"href":"https:\/\/vinhomadeira.web.uma.pt\/en\/wp-json\/wp\/v2\/pages\/461","targetHints":{"allow":["GET"]}}],"collection":[{"href":"https:\/\/vinhomadeira.web.uma.pt\/en\/wp-json\/wp\/v2\/pages"}],"about":[{"href":"https:\/\/vinhomadeira.web.uma.pt\/en\/wp-json\/wp\/v2\/types\/page"}],"author":[{"embeddable":true,"href":"https:\/\/vinhomadeira.web.uma.pt\/en\/wp-json\/wp\/v2\/users\/2"}],"replies":[{"embeddable":true,"href":"https:\/\/vinhomadeira.web.uma.pt\/en\/wp-json\/wp\/v2\/comments?post=461"}],"version-history":[{"count":22,"href":"https:\/\/vinhomadeira.web.uma.pt\/en\/wp-json\/wp\/v2\/pages\/461\/revisions"}],"predecessor-version":[{"id":1914,"href":"https:\/\/vinhomadeira.web.uma.pt\/en\/wp-json\/wp\/v2\/pages\/461\/revisions\/1914"}],"wp:attachment":[{"href":"https:\/\/vinhomadeira.web.uma.pt\/en\/wp-json\/wp\/v2\/media?parent=461"}],"curies":[{"name":"wp","href":"https:\/\/api.w.org\/{rel}","templated":true}]}}