{"id":438,"date":"2025-01-05T15:07:20","date_gmt":"2025-01-05T15:07:20","guid":{"rendered":"https:\/\/vinhomadeira.web.uma.pt\/?page_id=438"},"modified":"2025-12-25T21:24:21","modified_gmt":"2025-12-25T21:24:21","slug":"os-nossos-embaixadores","status":"publish","type":"page","link":"https:\/\/vinhomadeira.web.uma.pt\/en\/os-nossos-embaixadores\/","title":{"rendered":"Who are our Ambassadors"},"content":{"rendered":"<blockquote class=\"wp-block-quote is-layout-flow wp-block-quote-is-layout-flow\">\n<p>Our Ambassadors actively contribute to the success of the application for Madeira Wine traditions, regardless of their nationality, community, or place of residence.<\/p>\n<\/blockquote>\n\n\n\n<figure class=\"wp-block-image aligncenter size-full is-resized is-style-rounded is-style-rounded--1\"><img loading=\"lazy\" decoding=\"async\" width=\"803\" height=\"601\" src=\"https:\/\/vinhomadeira.web.uma.pt\/wp-content\/uploads\/2025\/01\/embaixador-2-melhorada.jpg\" alt=\"\" class=\"wp-image-443\" style=\"width:503px;height:auto\"\/><\/figure>\n\n\n\n<div style=\"height:100px\" aria-hidden=\"true\" class=\"wp-block-spacer\"><\/div>\n\n\n\n<p><strong>List of Ambassadors for Madeira Wine Traditions<\/strong>:<\/p>\n\n\n\n<div style=\"height:8px\" aria-hidden=\"true\" class=\"wp-block-spacer\"><\/div>\n\n\n\n<p>1- <strong>Abdnayse da Franca Moniz de Sousa<\/strong>, student of the University of Madeira.<br>2- <strong>Paulo David Martins Cassiano<\/strong>, student of the University of Madeira.<br>3- <strong>Afonso Henrique Silva Rodrigues<\/strong>, student of the University of Madeira.<br>4- <strong>Bruna Filipa Franco Sousa<\/strong>, student of the University of Madeira.<br>5- <strong>Ana Isabel Alves Abreu<\/strong>, student of the University of Madeira.<br>6- <strong>Carolina Vieira da Silva<\/strong>, student of the University of Madeira.<br>7- <strong>Samanta de Sousa Ramalho<\/strong>, student of the University of Madeira.<br>8- <strong>Ant\u00f3nio Filipe Matos Gomes<\/strong>, student of the University of Madeira.<br>9- <strong>Danilo Balenko<\/strong>, student of the University of Madeira.<br>10- <strong>Diogo Henrique Gouveia Andrade<\/strong>, student of the University of Madeira.<br>11- <strong>Laura Beatriz Abreu de Sousa<\/strong>, student of the University of Madeira.<br>12- <strong>Gon\u00e7alo Jo\u00e3o Andrade Berenguer<\/strong>, student of the University of Madeira.<br>13- <strong>Fabrizio Antonio Li Causi Pita<\/strong>, student of the University of Madeira.<br>14- <strong>Jorge Manuel Mendes Viterbo Dias<\/strong>, student of the University of Madeira.<br>15- <strong>Andr\u00e9 Roberto de Abreu Abreu<\/strong>, student of the University of Madeira.<br>16- <strong>Guilherme Amaro Gomes Rodrigues<\/strong>, student of the University of Madeira.<br>17- <strong>Miguel Pinto Outeiro<\/strong>, student of the University of Madeira.<br>18- <strong>Rui Filipe Gon\u00e7alves Costa<\/strong>, student of the University of Madeira.<br>19- <strong>In\u00eas C\u00e1ssia Andrade de Ponte<\/strong>, student of the University of Madeira.<br>20- <strong>Daniel Afonso Caldeira Valente<\/strong>, student of the University of Madeira.<br>21- <strong>Jessica Vict\u00f3ria Gouveia Sousa<\/strong>, student of the University of Madeira.<br>22- <strong>Maria Alice N\u00f3brega Mendon\u00e7a<\/strong>, student of the University of Madeira.<br>23- <strong>Rodrigo Miguel Henriques Pinto<\/strong>, student of the University of Madeira.<br>24- <strong>Jo\u00e3o Pedro Jardim Gouveia Vieira<\/strong>, student of the University of Madeira.<br>25- <strong>Sofia Nicole Jesus N\u00f3brega<\/strong>, student of the University of Madeira.<br>26- <strong>\u00c9rica Cabral Agostinho<\/strong>, student of the University of Madeira.<br>27- <strong>Jos\u00e9 Valdemar Santos Gomes<\/strong>, student of the University of Madeira.<br>28- <strong>Miguel Afonso Gouveia Teixeira<\/strong>, student of the University of Madeira.<br>29- <strong>Laura Jos\u00e9 Ribeiro Freitas<\/strong>, student of the University of Madeira.<br>30- <strong>Ana Francisca Ferreira C\u00e2mara<\/strong>, student of the University of Madeira.<br>31- <strong>Laura Raquel S\u00e1 Santos<\/strong>, student of the University of Madeira.<br>32- <strong>Renata Sofia Nicolau de Oliveira<\/strong>, student of the University of Madeira.<br>33- <strong>Leticia Lisandra Faria Abreu<\/strong>, student of the University of Madeira.<br>34- <strong>Mariana Nunes Silva<\/strong>, student of the University of Madeira.<br>35- <strong>Lu\u00eds Henrique Gomes Serr\u00e3o<\/strong>, student of the University of Madeira.<br>36- <strong>J\u00e9ssica Nicole Fonseca Martins<\/strong>, student of the University of Madeira.<br>37- <strong>Manuel Rodrigo Gomes Serr\u00e3o<\/strong>, student of the University of Madeira.<br>38- <strong>Bia Clarinda Mendon\u00e7a Santos<\/strong>, student of the University of Madeira.<br>39- <strong>Mara Isabel Gomes Freitas<\/strong>, student of the University of Madeira.<br>40- <strong>Joana Aldeia<\/strong>, student of the University of Madeira.<br>41- <strong>Margarida Rodrigues de Sousa<\/strong>, student of the University of Madeira.<br>42-<strong>Isadora Maria Loreto do Nascimento<\/strong>, student of the University of Madeira.<br>43- <strong>Maria Jos\u00e9 Almada Pedrosa<\/strong>, student of the University of Madeira.<br>44- <strong>Ricardo Manuel da Silva Martinez<\/strong>, student of the University of Madeira.<br>45- <strong>Guilherme Rodrigues Gomes<\/strong>, student of the University of Madeira.<br>46- <strong>Patr\u00edcia Carlota Nunes de Mendon\u00e7a<\/strong>, student of the University of Madeira.<br>47- <strong>Maria Leonor Gouveia Ferraz<\/strong>, student of the University of Madeira.<br>48- <strong>Pedro Afonso Sargo Gon\u00e7alves<\/strong>, student of the University of Madeira.<br>49- <strong>Beatriz Mendon\u00e7a Freitas<\/strong>, student of the University of Madeira.<br>50- <strong>Rodrigo Gon\u00e7alves Gama<\/strong>, student of the University of Madeira.<br>51- <strong>Laura Isabel Sousa Andrade<\/strong>, student of the University of Madeira.<br>52- <strong>S\u00f3nia Fernandes Diogo<\/strong>, student of the University of Madeira.<br>53- <strong>Elisa Beatriz Santos N\u00f3brega<\/strong>, student of the University of Madeira.<br>54- <strong>Zezinho Lopes Machado<\/strong>, student of the University of Madeira.<br>55- <strong>Marco Antonio de Sousa da Silva<\/strong>, student of the University of Madeira.<br>56- <strong>Susana Isabel Quintal Gouveia<\/strong>, student of the University of Madeira. <br>57- <strong>Ad\u00e9la Metlickov\u00e1<\/strong>, ERASMUS student of the University of Madeira<br>58- <strong>Ad\u00e9la Smrcinov\u00e1<\/strong>, ERASMUS student of the University of Madeira<br>59- <strong>Anna Fragnerov\u00e1<\/strong>, ERASMUS student of the University of Madeira<br>60- <strong>Barbora Markova<\/strong>, ERASMUS student of the University of Madeira<br>61- <strong>Barbora Michalkova<\/strong>, ERASMUS student of the University of Madeira<br>62- <strong>Barbora Stehl\u00edkov\u00e1<\/strong>, ERASMUS student of the University of Madeira<br>63- <strong>Eliska Haskov\u00e1<\/strong>, ERASMUS student of the University of Madeira<br>64- <strong>Jana Jarmila Davidov\u00e1<\/strong>, ERASMUS student of the University of Madeira<br>65- <strong>Katerina Landeck\u00e1<\/strong>, ERASMUS student of the University of Madeira<br>66- <strong>Kl\u00e1ra Dankov\u00e1<\/strong>, ERASMUS student of the University of Madeira<br>67- <strong>Lucie Hrubesov\u00e1<\/strong>, ERASMUS student of the University of Madeira<br>68- <strong>Lucie Peterkov\u00e1<\/strong>, ERASMUS student of the University of Madeira<br>69- <strong>Martin Chloupy<\/strong>, ERASMUS student of the University of Madeira<br>70- <strong>Nikola Pokorn\u00e1<\/strong>, ERASMUS student of the University of Madeira<br>71- <strong>Svatava Sold\u00e1tov\u00e1<\/strong>, ERASMUS student of the University of Madeira<br>72- <strong>Tereza Koznarov\u00e1<\/strong>, ERASMUS student of the University of Madeira<br>73- <strong>Vojt\u00each Benes<\/strong>, ERASMUS student of the University of Madeira<br>74- <strong>Weronika Zawadzka<\/strong>, ERASMUS student of the University of Madeira<br>75- <strong>Nicoleta Lescenco<\/strong>, ERASMUS student of the University of Madeira<br>76- <strong>Lino Pinto<\/strong>, vine grower of Estreito de C\u00e2mara de Lobos.<br>77- <strong>Vita Petek<\/strong>, professor at the <a href=\"https:\/\/www.um.si\/en\/home-page\/\">University of Maribor<\/a> (Slovenia) and sommelier<br>78- <strong>Let\u00edcia Baptista<\/strong>, Funchal, Portugal.<br>79- <strong>T\u00e2nia Maria Lemos de Gouveia<\/strong>, Portugal, Madeira, Funchal, <a href=\"https:\/\/www.cdsaoroque.com\/\">Clube Desportivo de S\u00e3o Roque<\/a>.<br>80- <strong>Liris Jardim<\/strong>, Portugal, Madeira, Funchal, <a href=\"https:\/\/www.cdsaoroque.com\/\">Clube Desportivo de S\u00e3o Roque<\/a>. <br>81- <strong>Emanuela Nunes<\/strong>, Portugal, Madeira, Calheta, <a href=\"https:\/\/www.causasocial.pt\/\"><\/a><a href=\"https:\/\/cp-pauldomar.pt\/casa-do-povo\">Casa do Povo da Pa\u00fal do Mar<\/a>. <br>82- <strong>Ana Canha<\/strong>, Portugal, Madeira, Calheta, <a href=\"https:\/\/www.causasocial.pt\/\"><\/a><a href=\"https:\/\/cp-pauldomar.pt\/casa-do-povo\">Casa do Povo da Pa\u00fal do Mar<\/a>.<br>83- <strong>Raquel Telo de Freitas<\/strong>, Portugal, Madeira, Calheta, <a href=\"https:\/\/www.causasocial.pt\/\"><\/a><a href=\"https:\/\/cp-pauldomar.pt\/casa-do-povo\">Casa do Povo da Pa\u00fal do Mar<\/a>.<br>84- <strong>Maria Ros\u00e1rio Paiva<\/strong>, Portugal, Madeira, Calheta, <a href=\"https:\/\/www.causasocial.pt\/\"><\/a><a href=\"https:\/\/cp-pauldomar.pt\/casa-do-povo\">Casa do Povo da Pa\u00fal do Mar<\/a>.<br>85- <strong>Jos\u00e9 Paulo Lopes<\/strong>, Portugal, Madeira, Calheta, <a href=\"https:\/\/www.causasocial.pt\/\"><\/a><a href=\"https:\/\/cp-pauldomar.pt\/casa-do-povo\">Casa do Povo da Pa\u00fal do Mar<\/a>.<br>86- <strong>Almerino Jos\u00e9 Nunes Branco<\/strong>, Portugal, Madeira, Calheta, <a href=\"https:\/\/www.causasocial.pt\/\"><\/a><a href=\"https:\/\/cp-pauldomar.pt\/casa-do-povo\">Casa do Povo da Pa\u00fal do Mar<\/a>.<br>87- <strong>Pedro Freitas Branco<\/strong>, Portugal, Madeira, Calheta, <a href=\"https:\/\/www.causasocial.pt\/\"><\/a><a href=\"https:\/\/cp-pauldomar.pt\/casa-do-povo\">Casa do Povo da Pa\u00fal do Mar<\/a>.<br>88- <strong>Maria Jos\u00e9 Lopes Nunes Branco<\/strong>, Portugal, Madeira, Calheta, <a href=\"https:\/\/www.causasocial.pt\/\"><\/a><a href=\"https:\/\/cp-pauldomar.pt\/casa-do-povo\">Casa do Povo da Pa\u00fal do Mar<\/a>.<br>89- <strong>Maria In\u00eas Silva<\/strong>, Portugal, Madeira, Calheta, <a href=\"https:\/\/www.causasocial.pt\/\"><\/a><a href=\"https:\/\/cp-pauldomar.pt\/casa-do-povo\">Casa do Povo da Pa\u00fal do Mar<\/a>.<br>90- <strong>Maria da Gra\u00e7a Ganan\u00e7a Rodrigues<\/strong>, Portugal, Madeira, <a href=\"http:\/\/www.uma.pt\">University of Madeira<\/a>.<br>91- <strong>Diana Moncayo<\/strong>, Portugal, Madeira, <a href=\"http:\/\/www.uma.pt\">University of Madeira<\/a>.<br>92- <strong>Tiago Lopes<\/strong>, Portugal, Madeira, <a href=\"http:\/\/www.uma.pt\/\">University of Madeira<\/a>.<br>93- <strong>Yara Gon\u00e7alves<\/strong>, Portugal, Madeira, Calheta, <a href=\"https:\/\/www.causasocial.pt\/\"><\/a><a href=\"https:\/\/cp-pauldomar.pt\/casa-do-povo\">Casa do Povo da Pa\u00fal do Mar<\/a>.<br>94- <strong>Wilton Carlos Cordeiro<\/strong>, Brasil, <a href=\"https:\/\/www.ifsc.edu.br\/\">Instituto Federal de Santa Catarina<\/a>.<br>95- <strong>Carolina Isabel Ribeiro Gouveia, <\/strong>estudante da Universidade da Madeira.<br>96- <strong>Elisabete Jesus Gouveia Lucas, <\/strong>estudante da Universidade da Madeira.<br>97- <strong>Jo\u00e3o Francisco dos Ramos Faria<\/strong>, student of the University of Madeira.<br>98- <strong>Jo\u00e3o Paulo Fernandes Carvalho, <\/strong>estudante da Universidade da Madeira.<br>99- <strong>Maria Fabiana Macedo da Silva,<\/strong> estudante da Universidade da Madeira.<br>100- <strong>Maria Leonor Freitas Gouveia,<\/strong> estudante da Universidade da Madeira.<br>101- <strong>Vict\u00f3ria Diaciuc, <\/strong>estudante da Universidade da Madeira.<br>102- <strong>Joana Filipa Sardinha Gomes, <\/strong>estudante da Universidade da Madeira.<br>103- <strong>Ana Daniela Pimenta Fernandes,<\/strong> estudante da Universidade da Madeira.<br>104- <strong>Beatriz Moura Castro, <\/strong>estudante da Universidade da Madeira.<br>105- <strong>Tatiana Correia Sp\u00ednola,<\/strong> estudante da Universidade da Madeira.<br>106- <strong>Jos\u00e9 Afonso Nascimento Viveiros,<\/strong> estudante da Universidade da Madeira.<br>107- <strong>Jo\u00e3o Francisco Rodrigues Abreu, <\/strong>estudante da Universidade da Madeira.<br>108- <strong>Ana Isabel Carvalho Ribeiro, <\/strong>estudante da Universidade da Madeira.<br>109- <strong>Iara Raquel Rodrigues G\u00f3is, <\/strong>estudante da Universidade da Madeira.<br>110- <strong>Nicole Celeste Villegas Gomes, <\/strong>estudante da Universidade da Madeira.<br>111- <strong>Sara Maria Bettencourt de Andrade, <\/strong>estudante da Universidade da Madeira.<br>112- <strong>Micael Andr\u00e9 Gouveia Gon\u00e7alves,<\/strong> estudante da Universidade da Madeira.<br>113- <strong>Ana Flor Gomes Greg\u00f3rio e Gon\u00e7alves Pereira, <\/strong>estudante da Universidade da Madeira.<br>114- <strong>Maria In\u00eas Vieira Ferreira,<\/strong> estudante da Universidade da Madeira.<br>115- <strong>Em\u00edlia Francisca de Sousa dos Santos, <\/strong>estudante da Universidade da Madeira.<br>116- <strong>Leonor Abreu de S\u00e1, <\/strong>estudante da Universidade da Madeira.<br>117- <strong>Ivana Ayala Nunes,<\/strong> estudante da Universidade da Madeira.<br>118- <strong>Francisco Almeida Rodrigues, <\/strong>estudante da Universidade da Madeira.<br>119- <strong>Jo\u00e3o Miguel Pombo de Abreu,<\/strong> estudante da Universidade da Madeira.<br>120- <strong>Maria Em\u00edlia Reb\u00f4lo Jardim,<\/strong> estudante da Universidade da Madeira.<br>121- <strong>Isabel Maria Abreu Trindade, <\/strong>estudante da Universidade da Madeira.<br>122- <strong>Margarida Oliveira Gouveia,<\/strong> estudante da Universidade da Madeira.<br>123- <strong>Ana Reis,<\/strong> estudante da Universidade da Madeira.<br>124- <strong>Daniela Matilde Fernandes da Silva, <\/strong>estudante da Universidade da Madeira.<br>125- <strong>Ana Patr\u00edcia Malheiro Ganan\u00e7a Rodrigues Pestana,<\/strong> estudante da Universidade da Madeira.<br>126- <strong>Iara Carolina Teles de Azevedo, <\/strong>estudante da Universidade da Madeira.<br>127- <strong>Maria Carlota Ferreira Gomes,<\/strong> estudante da Universidade da Madeira.<br>128- <strong>Bernardo Santos Fernandes,<\/strong> estudante da Universidade da Madeira.<br>129- <strong>Martim Paquete Peixoto, <\/strong>estudante da Universidade da Madeira.<br>130- <strong>Bia Soraia de Gouveia, <\/strong>estudante da Universidade da Madeira.<\/p>\n\n\n\n<p><\/p>\n\n\n\n<p><\/p>\n\n\n\n<p>\u00daltima atualiza\u00e7\u00e3o: 19\/12\/2025.<\/p>\n\n\n\n<p><\/p>","protected":false},"excerpt":{"rendered":"<p>Os nossos Embaixadores&nbsp;contribuem ativamente para o sucesso da candidatura das tradi\u00e7\u00f5es do Vinho Madeira, independentemente da nacionalidade, da comunidade a que pertencem ou do local onde vivem. Lista de Embaixadoras e Embaixadores das tradi\u00e7\u00f5es do Vinho Madeira: 1- Abdnayse da Franca Moniz de Sousa, estudante da Universidade da Madeira.2- Paulo David Martins Cassiano, estudante da [&hellip;]<\/p>","protected":false},"author":2,"featured_media":0,"parent":0,"menu_order":0,"comment_status":"closed","ping_status":"closed","template":"","meta":{"footnotes":""},"class_list":["post-438","page","type-page","status-publish","hentry"],"_links":{"self":[{"href":"https:\/\/vinhomadeira.web.uma.pt\/en\/wp-json\/wp\/v2\/pages\/438","targetHints":{"allow":["GET"]}}],"collection":[{"href":"https:\/\/vinhomadeira.web.uma.pt\/en\/wp-json\/wp\/v2\/pages"}],"about":[{"href":"https:\/\/vinhomadeira.web.uma.pt\/en\/wp-json\/wp\/v2\/types\/page"}],"author":[{"embeddable":true,"href":"https:\/\/vinhomadeira.web.uma.pt\/en\/wp-json\/wp\/v2\/users\/2"}],"replies":[{"embeddable":true,"href":"https:\/\/vinhomadeira.web.uma.pt\/en\/wp-json\/wp\/v2\/comments?post=438"}],"version-history":[{"count":36,"href":"https:\/\/vinhomadeira.web.uma.pt\/en\/wp-json\/wp\/v2\/pages\/438\/revisions"}],"predecessor-version":[{"id":1839,"href":"https:\/\/vinhomadeira.web.uma.pt\/en\/wp-json\/wp\/v2\/pages\/438\/revisions\/1839"}],"wp:attachment":[{"href":"https:\/\/vinhomadeira.web.uma.pt\/en\/wp-json\/wp\/v2\/media?parent=438"}],"curies":[{"name":"wp","href":"https:\/\/api.w.org\/{rel}","templated":true}]}}