{"id":430,"date":"2025-01-05T12:43:51","date_gmt":"2025-01-05T12:43:51","guid":{"rendered":"https:\/\/vinhomadeira.web.uma.pt\/?page_id=430"},"modified":"2025-04-19T15:35:38","modified_gmt":"2025-04-19T15:35:38","slug":"o-que-faz-um-embaixador","status":"publish","type":"page","link":"https:\/\/vinhomadeira.web.uma.pt\/en\/o-que-faz-um-embaixador\/","title":{"rendered":"what is Expected of an Ambassador"},"content":{"rendered":"<blockquote class=\"wp-block-quote is-layout-flow wp-block-quote-is-layout-flow\">\n<p><em>The heritage community of Madeira Wine Traditions is widely dispersed, spanning over 60 countries across all continents, and its true size remains uncertain. Help us bring it together. <strong>Help us bring it together<\/strong>.<\/em><\/p>\n<\/blockquote>\n\n\n\n<figure class=\"wp-block-image size-full is-style-rounded is-style-rounded--1\"><img loading=\"lazy\" decoding=\"async\" width=\"2048\" height=\"1366\" src=\"https:\/\/vinhomadeira.web.uma.pt\/wp-content\/uploads\/2025\/01\/4apcandidatura_n-1.jpg\" alt=\"\" class=\"wp-image-435\"\/><\/figure>\n\n\n\n<div style=\"height:100px\" aria-hidden=\"true\" class=\"wp-block-spacer\"><\/div>\n\n\n\n<p class=\"translation-block\">We are looking for Ambassadors <strong>who are willing to embrace the cause<\/strong> of safeguarding the Madeira Wine Traditions, regardless of their nationality, the community they belong to, or where they live.<\/p>\n\n\n\n<p><strong>The expected role of an ambassador is:<\/strong><\/p>\n\n\n\n<p><\/p>\n\n\n\n<ul class=\"wp-block-list is-style-checkmark-list\">\n<li class=\"translation-block\"><strong>Publicize<\/strong> the application and <strong>raise awareness<\/strong> among interested groups and communities about the <a href=\"https:\/\/vinhomadeira.web.uma.pt\/en\/?page_id=259\" data-type=\"page\" data-id=\"259\" target=\"_self\">importance of this initiative<\/a>, to help preserve the Madeira Wine Traditions, through social media, public sessions, and other means.<\/li>\n\n\n\n<li class=\"translation-block\"><strong>Make known<\/strong> the <a href=\"https:\/\/vinhomadeira.web.uma.pt\/en\/?page_id=389\" data-type=\"page\" data-id=\"389\" target=\"_self\">Charter for the Safeguarding of Madeira Wine Traditions<\/a> and <a href=\"https:\/\/vinhomadeira.web.uma.pt\/en\/?page_id=393\" data-type=\"page\" data-id=\"393\" target=\"_self\">its purpose<\/a>, <strong>encouraging<\/strong> as many people as possible to <a href=\"https:\/\/vinhomadeira.web.uma.pt\/en\/?page_id=607\" data-type=\"page\" data-id=\"607\" target=\"_self\">subscribe to it<\/a>.<\/li>\n\n\n\n<li class=\"translation-block\"><strong>Raise awareness<\/strong> among those interested in the viability of Madeira Wine traditions about the importance of <a href=\"https:\/\/vinhomadeira.web.uma.pt\/en\/?page_id=509\" data-type=\"page\" data-id=\"509\" target=\"_self\">giving their consent to the<\/a> application.<\/li>\n\n\n\n<li class=\"translation-block\"><strong>Support<\/strong> the preparation of <a href=\"https:\/\/vinhomadeira.web.uma.pt\/en\/?page_id=517\" data-type=\"page\" data-id=\"517\" target=\"_self\">Letters of Consent<\/a>.<\/li>\n\n\n\n<li class=\"translation-block\"><strong><a href=\"https:\/\/vinhomadeira.web.uma.pt\/en\/?page_id=639\" data-type=\"page\" data-id=\"639\" target=\"_self\">Give your testimonial<\/a><\/strong>, explaining why you believe the candidacy aligns with the principles and objectives of the Representative List of the Intangible Cultural Heritage of Humanity.<\/li>\n\n\n\n<li class=\"translation-block\"><strong>Encourage<\/strong> others to do the same. You can see how <a href=\"https:\/\/vinhomadeira.web.uma.pt\/en\/?page_id=639\" data-type=\"page\" data-id=\"639\" target=\"_self\"><strong>here<\/strong><\/a>.<\/li>\n<\/ul>\n\n\n\n<div style=\"height:100px\" aria-hidden=\"true\" class=\"wp-block-spacer\"><\/div>\n\n\n\n<p class=\"translation-block\">You can find the Ambassador support kit <strong><a href=\"https:\/\/vinhomadeira.web.uma.pt\/en\/?page_id=461\" data-type=\"page\" data-id=\"461\" target=\"_self\">here<\/a><\/strong>.<\/p>\n\n\n\n<p class=\"translation-block\">You can find the list of Ambassadors <strong><a href=\"https:\/\/vinhomadeira.web.uma.pt\/en\/?page_id=438\" data-type=\"page\" data-id=\"438\" target=\"_self\">here<\/a><\/strong>.<\/p>\n\n\n\n<div style=\"height:100px\" aria-hidden=\"true\" class=\"wp-block-spacer\"><\/div>\n\n\n\n<p><strong>Are you interested in being an Ambassador for the application?<\/strong><\/p>\n\n\n\n<p>Please, fill <a href=\"https:\/\/vinhomadeira.web.uma.pt\/en\/?page_id=616\" data-type=\"page\" data-id=\"616\"><strong>this form<\/strong><\/a> and wait to be contacted by us.<\/p>","protected":false},"excerpt":{"rendered":"<p>A comunidade patrimonial das tradi\u00e7\u00f5es do Vinho Madeira \u00e9 muito difusa, dispersa em mais de 60 pa\u00edses de todos os continentes, n\u00e3o se sabendo ao certo a sua real dimens\u00e3o. Ajude-nos a uni-la. Procuramos embaixadores que queiram abra\u00e7ar a causa da salvaguarda das tradi\u00e7\u00f5es do Vinho Madeira, independentemente da nacionalidade, da comunidade a que pertencem [&hellip;]<\/p>","protected":false},"author":2,"featured_media":0,"parent":0,"menu_order":0,"comment_status":"closed","ping_status":"closed","template":"","meta":{"footnotes":""},"class_list":["post-430","page","type-page","status-publish","hentry"],"_links":{"self":[{"href":"https:\/\/vinhomadeira.web.uma.pt\/en\/wp-json\/wp\/v2\/pages\/430","targetHints":{"allow":["GET"]}}],"collection":[{"href":"https:\/\/vinhomadeira.web.uma.pt\/en\/wp-json\/wp\/v2\/pages"}],"about":[{"href":"https:\/\/vinhomadeira.web.uma.pt\/en\/wp-json\/wp\/v2\/types\/page"}],"author":[{"embeddable":true,"href":"https:\/\/vinhomadeira.web.uma.pt\/en\/wp-json\/wp\/v2\/users\/2"}],"replies":[{"embeddable":true,"href":"https:\/\/vinhomadeira.web.uma.pt\/en\/wp-json\/wp\/v2\/comments?post=430"}],"version-history":[{"count":23,"href":"https:\/\/vinhomadeira.web.uma.pt\/en\/wp-json\/wp\/v2\/pages\/430\/revisions"}],"predecessor-version":[{"id":1341,"href":"https:\/\/vinhomadeira.web.uma.pt\/en\/wp-json\/wp\/v2\/pages\/430\/revisions\/1341"}],"wp:attachment":[{"href":"https:\/\/vinhomadeira.web.uma.pt\/en\/wp-json\/wp\/v2\/media?parent=430"}],"curies":[{"name":"wp","href":"https:\/\/api.w.org\/{rel}","templated":true}]}}