{"id":393,"date":"2025-01-04T18:44:16","date_gmt":"2025-01-04T18:44:16","guid":{"rendered":"https:\/\/vinhomadeira.web.uma.pt\/?page_id=393"},"modified":"2025-03-18T21:28:35","modified_gmt":"2025-03-18T21:28:35","slug":"para-que-serve-a-carta-das-tradicoes-do-vinho-madeira","status":"publish","type":"page","link":"https:\/\/vinhomadeira.web.uma.pt\/en\/para-que-serve-a-carta-das-tradicoes-do-vinho-madeira\/","title":{"rendered":"why we Need a Charter"},"content":{"rendered":"<blockquote class=\"wp-block-quote is-layout-flow wp-block-quote-is-layout-flow\">\n<p>The Charter is a statement of principles that demonstrates the nominating community\u2019s commitment to safeguarding the cultural element it seeks to have inscribed.<\/p>\n<\/blockquote>\n\n\n\n<figure class=\"wp-block-image size-large is-style-rounded is-style-rounded--1\"><img decoding=\"async\" src=\"https:\/\/visitmadeira.com\/media\/hsbhnvyx\/1_festa-do-vinho-madeira0236-francisco-correia.jpg?rmode=max&amp;width=890&amp;height=500\" alt=\"\"\/><figcaption class=\"wp-element-caption\">Credits: SRTC.<\/figcaption><\/figure>\n\n\n\n<div style=\"height:21px\" aria-hidden=\"true\" class=\"wp-block-spacer\"><\/div>\n\n\n\n<p class=\"translation-block\">All those who feel a deep connection to the traditions of Madeira Wine and are devoted to their preservation form part of the Madeira Wine Heritage Community, as set out in the document entitled <a href=\"https:\/\/vinhomadeira.web.uma.pt\/en\/?page_id=389\" data-type=\"page\" data-id=\"389\" target=\"_self\">Charter for the Safeguarding of Madeira Wine Traditions<\/a>. At the heart of this nomination lies the desire to <strong>gather this transnational collective<\/strong> in a shared commitment to honour and protect this rich cultural legacy.<\/p>\n\n\n\n<p class=\"translation-block\">This Charter, as referred to in UNESCO frameworks, constitutes a key component of the nomination. It functions as a <strong>declaration of principles<\/strong>, outlining the commitment of the community submitting the nomination to ensuring the <strong>viability<\/strong> of the cultural element proposed for inscription. A draft version of this document was made available in advance to a broad range of stakeholders, including the competent bodies of the Regional Government, municipal and parish councils, community centres, and other non-profit cultural and recreational organisations within the Autonomous Region of Madeira and beyond.<\/p>\n\n\n\n<p class=\"translation-block\">All stakeholders were given the opportunity <strong>to review the content, request clarifications, and propose amendments or additions<\/strong>. On 14 December 2024, the Charter was <strong>subject to public discussion<\/strong>.<\/p>\n\n\n\n<p class=\"translation-block\">\"The success of the nomination depends largely on the active engagement of all sectors of the region. The panel of participants is intended to be interdisciplinary, intersectoral, and open to all members of the Madeira Wine Heritage Community, including the <strong>vine growers<\/strong> themselves. The content of the interviews conducted in recent months reveals a prevailing sense of <strong>low self-esteem<\/strong> among many producers, as well as a shared perception of limited visibility and, consequently, a <strong>low social recognition<\/strong> of their work. These concerns prompted the organisation of a meeting at the Civic Centre of Estreito de C\u00e2mara de Lobos, a parish of Madeira that proudly refers to itself as the 'Land of Wine', in partnership with the Municipality of C\u00e2mara de Lobos. This is also where the <a href=\"https:\/\/amc-cgm.blogspot.com\/\" target=\"_self\">Confraria Enogastron\u00f3mica da Madeira<\/a>\u2014a committed partner since the early stages of the process\u2014is based.<\/p>\n\n\n\n<div style=\"height:21px\" aria-hidden=\"true\" class=\"wp-block-spacer\"><\/div>\n\n\n\n<figure class=\"wp-block-image size-full\"><img loading=\"lazy\" decoding=\"async\" width=\"2480\" height=\"3508\" src=\"https:\/\/vinhomadeira.web.uma.pt\/wp-content\/uploads\/2025\/03\/Viticultura-e-tradicoes-do-Vinho-Madeira_Prancheta-1-copia.jpg\" alt=\"\" class=\"wp-image-402\"\/><\/figure>\n\n\n\n<div style=\"height:21px\" aria-hidden=\"true\" class=\"wp-block-spacer\"><\/div>\n\n\n\n<p class=\"translation-block\">On that day, the final version of the Charter was presented for discussion and could be <strong>ratified<\/strong> by those in attendance\u2014either in person or online\u2014at the conclusion of the meeting.<\/p>\n\n\n\n<p class=\"translation-block\">Those who were unable to attend the event are invited to endorse the Charter by completing the form available <a href=\"https:\/\/docs.google.com\/forms\/d\/1KnAN5iElRBh_-l7taiGRmRkBSmVFUsTGUtadOq7c_Hk\/edit\" target=\"_self\"><strong>here<\/strong><\/a>.<\/p>\n\n\n\n<div style=\"height:100px\" aria-hidden=\"true\" class=\"wp-block-spacer\"><\/div>\n\n\n\n<ul class=\"wp-block-list\">\n<li class=\"translation-block\">The Charter may be consulted <a href=\"https:\/\/vinhomadeira.web.uma.pt\/en\/?page_id=389\" data-type=\"page\" data-id=\"389\" target=\"_self\"><strong>here<\/strong><\/a>.<\/li>\n\n\n\n<li class=\"translation-block\">The list of signatories to the Charter may be consulted <a href=\"https:\/\/vinhomadeira.web.uma.pt\/en\/?page_id=406\" data-type=\"page\" data-id=\"406\" target=\"_self\"><strong>here<\/strong><\/a>.<\/li>\n\n\n\n<li class=\"translation-block\"><strong>The Charter may be endorsed <a href=\"https:\/\/vinhomadeira.web.uma.pt\/en\/subscrever-a-carta\/\" target=\"_self\">here<\/a>.<\/strong><\/li>\n<\/ul>\n\n\n\n<p><\/p>","protected":false},"excerpt":{"rendered":"<p>A carta \u00e9 uma esp\u00e9cie de declara\u00e7\u00e3o de princ\u00edpios que demonstra o empenho da comunidade que prop\u00f5e a nomea\u00e7\u00e3o em proteger o elemento cultural que pretende inscrever. Todos os que se identificam com as tradi\u00e7\u00f5es do Vinho Madeira e querem zelar pela sua preserva\u00e7\u00e3o fazem parte da Comunidade Patrimonial do Vinho Madeira, definida num documento [&hellip;]<\/p>","protected":false},"author":2,"featured_media":0,"parent":0,"menu_order":0,"comment_status":"closed","ping_status":"closed","template":"","meta":{"footnotes":""},"class_list":["post-393","page","type-page","status-publish","hentry"],"_links":{"self":[{"href":"https:\/\/vinhomadeira.web.uma.pt\/en\/wp-json\/wp\/v2\/pages\/393","targetHints":{"allow":["GET"]}}],"collection":[{"href":"https:\/\/vinhomadeira.web.uma.pt\/en\/wp-json\/wp\/v2\/pages"}],"about":[{"href":"https:\/\/vinhomadeira.web.uma.pt\/en\/wp-json\/wp\/v2\/types\/page"}],"author":[{"embeddable":true,"href":"https:\/\/vinhomadeira.web.uma.pt\/en\/wp-json\/wp\/v2\/users\/2"}],"replies":[{"embeddable":true,"href":"https:\/\/vinhomadeira.web.uma.pt\/en\/wp-json\/wp\/v2\/comments?post=393"}],"version-history":[{"count":22,"href":"https:\/\/vinhomadeira.web.uma.pt\/en\/wp-json\/wp\/v2\/pages\/393\/revisions"}],"predecessor-version":[{"id":1326,"href":"https:\/\/vinhomadeira.web.uma.pt\/en\/wp-json\/wp\/v2\/pages\/393\/revisions\/1326"}],"wp:attachment":[{"href":"https:\/\/vinhomadeira.web.uma.pt\/en\/wp-json\/wp\/v2\/media?parent=393"}],"curies":[{"name":"wp","href":"https:\/\/api.w.org\/{rel}","templated":true}]}}