{"id":389,"date":"2025-01-04T18:36:25","date_gmt":"2025-01-04T18:36:25","guid":{"rendered":"https:\/\/vinhomadeira.web.uma.pt\/?page_id=389"},"modified":"2025-03-29T09:57:50","modified_gmt":"2025-03-29T09:57:50","slug":"carta-para-a-salvaguarda-das-tradicoes-do-vinho-madeira","status":"publish","type":"page","link":"https:\/\/vinhomadeira.web.uma.pt\/en\/carta-para-a-salvaguarda-das-tradicoes-do-vinho-madeira\/","title":{"rendered":"The Madeira Wine Charter"},"content":{"rendered":"<blockquote class=\"wp-block-quote is-layout-flow wp-block-quote-is-layout-flow\">\n<p class=\"translation-block\">Charter for the Safeguarding of <strong>Madeira Wine Traditions <\/strong>presented at the meeting <strong>Viticulture and Madeira Wine Traditions: Towards a Safeguarding Plan<\/strong>, Estreito de C\u00e2mara de Lobos Civic Centre (Madeira Island, Portugal) \u2013 14\/12\/2024.<\/p>\n<\/blockquote>\n\n\n\n<figure class=\"wp-block-image aligncenter size-full is-resized\"><img loading=\"lazy\" decoding=\"async\" width=\"393\" height=\"136\" src=\"https:\/\/vinhomadeira.web.uma.pt\/wp-content\/uploads\/2025\/01\/logotipos_UMa_JPG-02-2-4.jpg\" alt=\"\" class=\"wp-image-420\" style=\"width:281px;height:auto\"\/><\/figure>\n\n\n\n<div style=\"height:28px\" aria-hidden=\"true\" class=\"wp-block-spacer\"><\/div>\n\n\n\n<p class=\"translation-block\">At the public meeting <strong>Viticultura e tradi\u00e7\u00f5es do Vinho Madeira: para um plano de salvaguarda<\/strong>, Estreito de C\u00e2mara de Lobos (Madeira Island, Portugal) \u2013 14th Dez. 2024, all the individuals, in their own name, or representing groups and communities concerned with the inclusion of Madeira traditions onto UNESCO Representative List of the Intangible Cultural Heritage of Humanity have adopted the following:<\/p>\n\n\n\n<p><\/p>\n\n\n\n<p><strong>Introduction\/preamble&nbsp;&nbsp;&nbsp;&nbsp;&nbsp;&nbsp;&nbsp;&nbsp;&nbsp;&nbsp;<\/strong><\/p>\n\n\n\n<p>- Madeira wine traditions are an essential part of the cultural heritage of the Madeira Wine Heritage Community and a defining element of the identity of their members.<\/p>\n\n\n\n<p>\u2013 Madeira wine traditions shall be safeguarded as living cultural heritage.<\/p>\n\n\n\n<p>- Safeguarding measures of the Madeira wine traditions shall be based on the principles of UNESCO\u2019s Convention for the safeguarding of the Intangible Cultural Heritage.<\/p>\n\n\n\n<p>- Safeguarding measures for the Madeira wine traditions shall be based on the United Nations 2030 Agenda for Sustainable Development Goals.<\/p>\n\n\n\n<p>- Safeguarding measures for the Madeira wine traditions as living cultural heritage shall be based on best practice through ecological, cultural, economic and social sustainability and supporting the environment.<\/p>\n\n\n\n<p>- Safeguarding measures for the Madeira wine traditions should respect the rights of every community, group and the individuals involved.<\/p>\n\n\n\n<p>- The Madeira Wine traditions are fragile. Safeguarding measures with relevant resources and support must be put in place to ensure it be passed down to future generations.<\/p>\n\n\n\n<p><\/p>\n\n\n\n<p><strong>Aims&nbsp;&nbsp;&nbsp;&nbsp;&nbsp;&nbsp;&nbsp;&nbsp;&nbsp;<\/strong><\/p>\n\n\n\n<p><em>Article 1 Aim<\/em><\/p>\n\n\n\n<p>The purpose of this charter is to help safeguard Madeira wine traditions as living cultural heritage by the Madeira Wine Heritage Community as well as Portugal as the State Party concerned.<\/p>\n\n\n\n<p><em>Article 2 Guiding principles<\/em><\/p>\n\n\n\n<p>The guiding principles for the transfer and transmission of the Madeira wine traditions must be designed by the Madeira Wine Heritage Community. They shall contribute to the safeguarding of the know-how, and the whole set of social practices and the cultural practices related. They shall also contribute to safeguarding the vineyard areas, vine landscape, phylogenetic heritage, architectonic heritage, ethnological heritage, historical documents and artistic works and other kinds of cultural heritage concerning Madeira wine in Portugal and in other countries where this beverage is also highly appreciated.<\/p>\n\n\n\n<p><\/p>\n\n\n\n<p><strong>Definitions&nbsp;&nbsp;&nbsp;&nbsp;&nbsp;&nbsp;<\/strong><\/p>\n\n\n\n<p><em>Article 3 Madeira Wine<\/em><\/p>\n\n\n\n<p class=\"translation-block\">Madeira is the most southerly territory of Portugal, located in the middle of the Atlantic. After its discovery around 1419, the colonists introduced Vitis vinifera, turning gradually wine into their main trading commodity over the next centuries. Even though tourism has been the main driver of the island\u2019s economy since the 20th century, Madeira wine is still produced, and remains a key part of its economy and is appreciated today. It is made exclusively with local cultivars, mostly Tinta Negra, Sercial, Boal, Verdelho and Malvasia, allowing a complete palette of flavours from dry to sweet, and with an alcohol content of between 17\u00ba and 22\u00ba. The wine-making process had been improved over the centuries, resulting in a beverage fortified naturally (canteiro) or by heat (estufagem), greatly improving with aging, sometimes for more than hundred years. This historical wine continues to be exported all round the world today from a handful of cellars supplied by the numerous small vineyards of the island, being crucial for local people to maintain their way of life. This distinct wine is the most identifiable cultural legacy of Madeira abroad, having been appreciated for centuries in several countries of Europe, America, Africa and Asia, being used as both a drink and a culinary ingredient.<\/p>\n\n\n\n<p><em>Article 4 The Madeira Wine Heritage Community &nbsp;<\/em><\/p>\n\n\n\n<p>Madeira wine is important for the identity of not just one, but several communities and groups. We must mention, firstly, the inhabitants of the archipelago where knowledge and skill of the wine\u2019s preparation has been perpetuated for more than 250 years, along with the Madeiran diaspora around the World. The Madeira Wine Heritage Community also include many members that identify with the drink but may not have Madeiran ancestry or live in this outermost region of Portugal. The community is a very diffuse and diverse set of individuals, groups and organizations, spread across more than 60 countries on all continents. All of which form the Madeira Wine Heritage Community, independently of where they live.<\/p>\n\n\n\n<p><em>Article 5 Intangible culture and living tradition<\/em><\/p>\n\n\n\n<p class=\"translation-block\">Madeira wine traditions are to be understood as an intangible cultural heritage shared by the Madeira Wine Heritage Community. The intangible dimension of this oenological tradition lies not only in the vast know-how that makes it unique, but also in a very ancient \u201cdegustation code\u201d and a \u201cstorytelling\u201d, refined by each generation. The specialist knowledge related to the production of Madeira wine is in the hands of a small group of vine growers and wine makers closely linked to a micro terroir of just over 400 hectares in size. The \u201cdegustation code\u201d (how to drink Madeira wine and how to use it as an ingredient) is shared by a vast group of aficionados, spread across all continents. The \u201cstorytelling\u201d is, in turn, what gives all parties involved the feeling of belonging to the same heritage community, despite the ocean between them, being dispersed throughout the world. It is fundamentally a consensual and aggregating way of explaining Madeira wine, which is originates from the sea. The narrative is built around a happy accident that led to the discovery of the beneficial effect of heating on wine, after several boat trips in the tropics. Heat, a humoral element of the ancients, is thus elevated to the basic principle of the aging process that makes Madeira wine unique. It serves as a connecting thread between the zero degree of this tradition that is the legendary \u201cvinho de roda\u201d and current production methods. This creationist narrative, perfected over several generations, gives everyone a sense of identity and continuity.<\/p>\n\n\n\n<p><em>Article 6 Geographical location and range<\/em><\/p>\n\n\n\n<p>Most Madeirans consider the Madeira wine a significant component and take part in practices related to this beverage. This includes both those living on the island and expatriates in other countries, giving them a strong sense of continuity. Abroad, Madeira wine is significant for other communities connected with the Madeira archipelago, in America, in Europe, in Africa and in Asia, communities that have, for centuries, used this wine in their social practices as a drink and\/or as a culinary element for ages, and have their own cultural heritage built upon it.<\/p>\n\n\n\n<p><em>Article 7 Detailed definition in the nomination document<\/em><\/p>\n\n\n\n<p>The main source for a comprehensive definition of Madeira\u2019s wine traditions can be found in the document \u2018Madeira wine traditions\u2019, with the inscription:<\/p>\n\n\n\n<p>\u201cUNESCO, _________., section 1. Identification and definition of the element\u201d.<\/p>\n\n\n\n<p><em>Article 8 Tradition bearers as stewards of the cultural heritage<\/em><\/p>\n\n\n\n<p>The intangible cultural heritage related to Madeira wine traditions is managed and transmitted by the bearers of the tradition and the practitioners themselves. They have the right to recognize Madeira wine traditions as part of their cultural heritage and an essential component of their identity. This must form the basis on which principles for safeguarding measures are founded.<\/p>\n\n\n\n<p><\/p>\n\n\n\n<p><strong>Safeguarding through practices<\/strong><\/p>\n\n\n\n<p><em>Article 9 Safeguarding through technical, cultural and social practices<\/em><\/p>\n\n\n\n<p>The main principle for the transfer of knowledge about the Madeira wine traditions is safeguarding through technical, cultural and social practices related to vine growing, wine making, degustation (tasting), culinary uses, artistic works and festive events.<\/p>\n\n\n\n<p><em>Article 10 Traditional knowledge<\/em><\/p>\n\n\n\n<p>The knowledge of the Madeira wine traditions has been transmitted from generation to generation. This perspective will form the basis of the future work on safeguarding. As far as possible, the cropping techniques, harvesting, processing, aging, degustation and cooking, when Madeira wine is used as culinary ingredient, must be based on traditional local knowledge.<\/p>\n\n\n\n<p><em>Article 11 Sustainability and the agro-ecosystem<\/em><\/p>\n\n\n\n<p>If tradition is to be maintained, the Madeira wine chain must be sustainable. To this end, the weakest links in the chain must be followed up on and supported, especially the vine growers. The charter should encourage programmes that guarantee the continuity of the tradition, in a sustainable way from an economic, social and cultural point of view, being fair to all those involved, especially the most vulnerable. They should also contribute to environmental sustainability, having virtuous effects on the landscape and the ecosystem.<\/p>\n\n\n\n<p><\/p>\n\n\n\n<p><strong>Resources, support and underlying conditions<\/strong><\/p>\n\n\n\n<p><em>Article 12 Resources, support and underlying conditions<\/em><\/p>\n\n\n\n<p>To ensure best practice in promoting Madeira Wine traditions, members of the Madeira Wine Heritage Community should be supported, as far as possible, with regard to all aspects involved in safeguarding the cultivation and vinification\/wine making process, ensuring that the raw material, the production process and the end result respect the matrix of traditional knowledge and practice. The support will be educational and technical, in order to provide a solid basis for acquiring the necessary knowledge, skills and learning practices. It will also be financial where necessary, to enable members of the Madeira Wine Heritage Community, in particular vine growers, to cope with the uncertainty of harvests increasingly threatened by climate change, the decline of viticulture in the face of demographic pressure, the increase in the real estate value of land due to the attractiveness of the Autonomous Region of Madeira as a tourist destination, and the lack of social appreciation of agriculture by younger generations. The main focus of support should be on good agricultural practices and the environment, emphasizing the ecological responsibility of producers. This is a very important aspect in a region where vines, in some cases, cohabit with the Laurissilva Forest, a unique World Heritage site.<\/p>\n\n\n\n<p><em>Article 13 State parties are formally responsible<\/em><\/p>\n\n\n\n<p>According to the UNESCO Convention of Safeguarding the Intangible Cultural Heritage of Humanity, Portugal, as the State Party that supported the inscription  of Madeira wine traditions on the Representative List of the Intangible Cultural Heritage, has the formal responsibility for taking the necessary measures to ensure the Safeguarding of the Intangible Cultural Heritage found on its territory. Safeguarding means here taking the measures to ensure the continued viability of Madeira wine traditions, including identification, documentation, research, preservation, protection, promotion, enhancement, transmission, particularly through formal and non-formal education. Considering the autonomy of the region recognized by the Portuguese Constitution, the regional institutions have to be involved in the implementation of such actions. They must do this with the greatest possible participation from all the communities, groups and individuals who create and maintain knowledge and practice related to Madeira wine traditions. Therefore, the Madeira Wine Heritage Community must be fully involved.<\/p>\n\n\n\n<p><em>Article 14 The involvement of the University of Madeira<\/em><\/p>\n\n\n\n<p>The University of Madeira will collaborate with the government of Portugal as the State Party, in representation of the whole Madeira Wine Heritage Community, within the framework of programmes aiming the safeguarding of Madeira wine traditions. The University of Madeira will collaborate with other international, national, regional, and local organizations, be they either governmental and\/or non-governmental, to implement safeguarding measures. All the parties involved will together undertake this mission through actions that permit the identification, documentation, research, preservation, protection, promotion, enhancement, and transmission, particularly through formal and non-formal education. The University of Madeira will also contribute actively to mediate eventual conflicts of interests between members of the Madeira Wine Heritage Community.<\/p>\n\n\n\n<p><em>Article 15 Authoritative documents<\/em><\/p>\n\n\n\n<p>Alongside UNESCO's Convention on the protection of the intangible cultural heritage, the Madeira Wine Charter is based on the inscription of Madeira wine traditions on UNESCO's Representative List of Humanity's Intangible Cultural Heritage. With reference to the document: \"Madeira wine traditions, inscription, UNESCO, ____\".<\/p>\n\n\n\n<p>These two documents, the Convention and the inscription text, are to be understood as the authoritative governing documents for future work on the safeguarding and management of Madeira wine traditions. The Charter takes effect when Madeira Wine traditions are inscribed on UNESCO's Representative List of the Intangible Cultural Heritage of Humanity.<\/p>\n\n\n\n<p><em>Article 16 International and national conservation plans<\/em><\/p>\n\n\n\n<p>The provisions in this charter must be followed up with periodic safeguarding plans at national level. Such plans must follow the government of Portugal\u2019s schedule for reporting to UNESCO. It must then be made clear which measures and programs have been implemented.<\/p>\n\n\n\n<p>This, then, ensures proper safeguarding and the proper management of the Madeira wine traditions under the auspices of the responsible authorities and the Madeira Wine Heritage Community represented by the University of Madeira.<\/p>\n\n\n\n<div style=\"height:100px\" aria-hidden=\"true\" class=\"wp-block-spacer\"><\/div>\n\n\n\n<ul class=\"wp-block-list\">\n<li class=\"translation-block\">You can see the list of who<strong> has already subscribed<\/strong> <a href=\"https:\/\/vinhomadeira.web.uma.pt\/en\/?page_id=406\" target=\"_self\"><strong>here<\/strong><\/a>.<\/li>\n\n\n\n<li class=\"translation-block\">You can subscribe to the Charter<strong> <a href=\"https:\/\/docs.google.com\/forms\/d\/1KnAN5iElRBh_-l7taiGRmRkBSmVFUsTGUtadOq7c_Hk\/edit\" target=\"_self\">here<\/a>.<\/strong><\/li>\n<\/ul>\n\n\n\n<p><\/p>","protected":false},"excerpt":{"rendered":"<p>Carta para a Salvaguarda das Tradi\u00e7\u00f5es do Vinho Madeira apresentada no encontro Viticultura e Tradi\u00e7\u00f5es do Vinho Madeira: para um plano de salvaguarda, Centro C\u00edvico do Estreito de C\u00e2mara de Lobos (Ilha da Madeira, Portugal) \u2013 14\/12\/2024. No encontro Viticultura e Tradi\u00e7\u00f5es do Vinho Madeira: para um plano de salvaguarda, Estreito de C\u00e2mara de Lobos [&hellip;]<\/p>","protected":false},"author":2,"featured_media":0,"parent":0,"menu_order":0,"comment_status":"closed","ping_status":"closed","template":"","meta":{"footnotes":""},"class_list":["post-389","page","type-page","status-publish","hentry"],"_links":{"self":[{"href":"https:\/\/vinhomadeira.web.uma.pt\/en\/wp-json\/wp\/v2\/pages\/389","targetHints":{"allow":["GET"]}}],"collection":[{"href":"https:\/\/vinhomadeira.web.uma.pt\/en\/wp-json\/wp\/v2\/pages"}],"about":[{"href":"https:\/\/vinhomadeira.web.uma.pt\/en\/wp-json\/wp\/v2\/types\/page"}],"author":[{"embeddable":true,"href":"https:\/\/vinhomadeira.web.uma.pt\/en\/wp-json\/wp\/v2\/users\/2"}],"replies":[{"embeddable":true,"href":"https:\/\/vinhomadeira.web.uma.pt\/en\/wp-json\/wp\/v2\/comments?post=389"}],"version-history":[{"count":12,"href":"https:\/\/vinhomadeira.web.uma.pt\/en\/wp-json\/wp\/v2\/pages\/389\/revisions"}],"predecessor-version":[{"id":1328,"href":"https:\/\/vinhomadeira.web.uma.pt\/en\/wp-json\/wp\/v2\/pages\/389\/revisions\/1328"}],"wp:attachment":[{"href":"https:\/\/vinhomadeira.web.uma.pt\/en\/wp-json\/wp\/v2\/media?parent=389"}],"curies":[{"name":"wp","href":"https:\/\/api.w.org\/{rel}","templated":true}]}}