{"id":350,"date":"2025-01-04T12:22:35","date_gmt":"2025-01-04T12:22:35","guid":{"rendered":"https:\/\/vinhomadeira.web.uma.pt\/?page_id=350"},"modified":"2025-02-04T17:30:15","modified_gmt":"2025-02-04T17:30:15","slug":"os-procedimentos","status":"publish","type":"page","link":"https:\/\/vinhomadeira.web.uma.pt\/en\/os-procedimentos\/","title":{"rendered":"What is ICH"},"content":{"rendered":"<blockquote class=\"wp-block-quote is-layout-flow wp-block-quote-is-layout-flow\">\n<p>Intangible cultural heritage must be recognised as such by the communities, groups or individuals who create, maintain and transmit it \u2013 without this recognition, no one can decide that a particular expression or practice constitutes their heritage.<\/p>\n<\/blockquote>\n\n\n\n<figure class=\"wp-block-image aligncenter size-large\"><img decoding=\"async\" src=\"data:image\/jpeg;base64,\/9j\/4AAQSkZJRgABAQAAAQABAAD\/2wCEAAkGBxMTEhUSEBEWFRUXGBYXFRYXFxcYFRgZHRYYFhUVFxYdHSggGhonIRcXIjEhJiktLy4vFyAzODMtNygtLisBCgoKDg0OGw8QGzclHyUrNi8uNTU3KzIvLTI3My0vMTcxNy0tLy0uKzUtOC0tNy4tLTUtLS0tNS0tLS01NS01L\/\/AABEIAJYBUAMBIgACEQEDEQH\/xAAcAAEAAgMBAQEAAAAAAAAAAAAABQYDBAcBAgj\/xABNEAACAQMCBAEHBggLBgcAAAABAgMABBESIQUGEzFBBxQiUWFxgSMyVpGUsTNCUmJ0obLTFRY0NXJzgpKztMFTY3WTosIkJUOVpNHw\/8QAGQEBAQEBAQEAAAAAAAAAAAAAAAMEAgUB\/8QALxEBAAIBAgQEAwgDAAAAAAAAAAECAwQREiExQRMyYXFRkdEFFCJSYoGhsSMkM\/\/aAAwDAQACEQMRAD8A7jSlKBSlKBSlKBSlKBSlKBSlKBSlKBSlKBSlKBSlKDW4kzCKQxlFcI5QyZ6YbSdJfH4ue\/szWHgMsj28TTvE8jIpd4STExx3QnutffGFBgmBh6wMcgMO3yvon5Pfb0u2\/rrX5YQLaQAW\/mwEa\/IE5Me3zM+OKCUpSlApSlApSlApSlApSlApSlApSlApSlApSlApSlApSlApSlApSlApSlApWG7kKozAZKqxA9ZAJxXJJuMcx3q6khj4dCfx5Nnx7QwZ8+5BQdau7yOJS8sixqO7OwVR8TVG475YOGW\/opK1w\/5MK5XP9Y2F+omua8Q5fhD676TifFJc\/NigmSLPq6koyR\/QFWDgfL\/EyB5hwu04Wh\/9ab5a5x69TBmz7CooNmXnjjd4CbDhy2sW\/wAtceA\/KDSaV+pWqr3bzGQG45pRbrfSsbzNAp8QZY8Inu04q\/R+SjrnXxXiFxeN+RqMcQ9y5J+rFWa25B4bHGYlsINJGDqQMx9WXbLZ+NBzux5o4\/bIHeGHiUH+1hKyEj2NFv8AWhqc4N5abGQ6LqOW0fxDqXUH2lRqHxUVnvPJDaqxl4fcXFjL3BikYr8VJzj2aqhOMct8YQYuILPi8Q\/2iKlwB22b0cH25Y0HUuFcat7lddtPHKvrRw2PeBuPjW\/X5yTl+0d8ra8U4VOPFYpbiEH2MoEmPdVpshzFarqtp4+IwjbD56gHtD6HB\/tNQdkpUJydxaa6tUmubc28pLh4m1ZUq5X8YA74z8am6DS4yVEEuuUwr05NUqnDRjScyA+BUb59lYOVyhtIOncPcJ010zuSXkGPnsTvn371t8RLdKTpxiR9D6Y2ICu2k4Qk9gTtn21h4Dr83i6sCwPoXVChBWM4+YpG2B7KDfpSvCaAajeMccgthmaQAnso3c+5R99QPNXNhR\/NrQa5ycEgagp9QHi\/6h41qcG5KDN1L+QySt6Rj1b+927t8NvfVq44iOK7Dk1NrWnHhjee89o+sta88oMrkrawe4tqd\/7i9vrNazcU4u24WUD1CFQP+pc10W0tI4l0xoqKPBQAK+J+Jwp8+aNf6TqPvNfYy1jy1TtpctueTNP7bRDnLczcTh3mDY\/3kOF+tQv31M8J8oSNgXMej89MsnxHcfrqyfxgtDt51D\/zE\/8Auofi3KtrdAvAyI\/5UZBQn85QcH3jBrripPmrt7J+Fnpzw5eL0lZ7a5SRQ8bBlPZgcg\/Gs1ch4ff3HDZyjqcZ+Ujz6Lr+Wh9fqPwPs6rw+9SaNZY2yrDIP+h9tTyYppz6w1aTVxniazG1o6w2aUpUmwpSlApSlApSlApSlApSlApSlApSlApSlBq8Ugd4ZUifQ7I6o+SNLFSFbI3GDg7VxbifKnFLdlSfmIozLK6hprndYk1yt3\/FXc13OuW+V7+VWn6Jxj\/J0ERZ8h8ZljSWPj7MjqHRhNc4ZSMqRv2INaljytxSYxiLmIuZVd48TXXpKjBJCN\/AkCuq8hfzZY\/otv8A4S1zryUTapbEfkRcTX\/5UL\/91BH8b5W4paKr3XMZiVm0qWmusFsE4GD3wDW7a8g8akRZI+POyOoZWE1zgqRkEb+o1b\/KT+G4V\/xCH9l6u+KDhXDeW+JXEjw2\/Mokkj+eiXFwSu+D4+vasnGeU+KWiCS65j6SE6QXnuBk98Dfc7H6q2PJKB55a+vzO9z\/AO4Nirtz2B53w7PbXed+38imoKZbcgcakRZI+PsyMAyss9wVYEZBBB3BqOtOXuIyztbRczB5kzqjW4uCwwcMMZ7jxHhXT\/Jef\/KbL+pX\/WqFymo8+sTjfz3jO\/j2FB0rkzhdxbWiQ3dwbiZS5aUs7FgXLLu2+wIHwqcpSg0+MaehLrlMK9OTVKCFMY0nMgJ2BUb59la\/K+jzSDpXDXCdNdMznLyDHzmPr9+9bfEnxFIemZcI56QxmTCk9MZ2ye2+29YOX5NVtC3m5t8op6BABi2+ZgYAx7qCQNVfnfmDzaPRGflpMhfEqOxfHr8B7fdVnY1zrl2Pz7iEl0+8cZ9AHt4iIfUC3vIquKseaekMeryWiIx081p29vjKT5e4ILK2kupRqn6buc\/igAtoz6z+MfE+6qLFb3Ny7SokkshPpOvcE+GfAezwGK6dzvPosZ\/zlCf32Cf61oeTSLFoW\/Klc\/UAn\/bVqZJis5J677MOfS1vlppqztWImeSpJyffS7OmB\/vZQR9QLGt+DydSY+UniT+ipb9ZK10eeVUUsxAVQSSewA3JNce5k4211KWJPTBxGngF8GI\/KPf9VdY8mTJO0ckdVptLpaxN97TPqtkXk5i\/GuJD\/RVAP1g1VOZOEGyuAscjZ0B0cei43IwSMeIq6+TS6LWzoxz05CFz4KVVgPdktUR5U4\/lIW9aSD6ip\/1pjvfxeC07mpwYfukZ8Vdp5SnOPcJ88s43x8uI1kQjxJUFk9zffioHyacUKyNbk+i4LoD4MPnAe8b\/ANk1euB\/yaH+qj\/YFc6WLocXCrsOvt7pFzj\/AKzU8c8VbUn3adVXw8uLPXvMRPru6pSlKzPXKUpQKUpQKUpQKUpQKUpQKUpQKUpQKUpQK5d5Xv5VafonGP8AJ11GuW+V3+VWn6Jxj\/J0Fz5D\/myx\/Rbf\/BWuReROQjiAiONlvJR7pDagf4ZrrvIX82WP6Lb\/AOEtct8lsOnitsdvT4dI31Xbpv8A3KC5eVe4MbcMcRtIVv4iETBdsI\/oqCQMn2kVeLKcvGjlGQsqsUfGtcjJVsEjI7HB8Kp3lJ\/DcK\/4hD+y9XegpHkzxF55YkANa3MgT19KU9aP2\/jNW5zV\/OHCf665\/wApLVe5P46tzxbziJGRLqyYsrEE67e5aAMcbds1O84yab7hbYzpkuzj14s5Tigt6qBsBgVxvlP+XWP6bxn7hXUuXOLi7tobpVKLKocKSCQD4EiuW8p\/y6x\/TeM\/cKDstKUoMF8rmNxEwWQqwjZhqVXwdLFfEA4OKw8HimSCNbmQSzBQJJFUKGbxYKNh\/wDu1fXFURoZVlfRGY3DuG0FVKkMwf8AFwMnPhisPLsMSW0K28pliCARyF9ZZfBi\/wCNQfHM85S0nYHBET4PqJUgH6yKhfJpAFtNQ7vI5Pwwg\/ZqU5zXNjcY8IyfgMMfuqM8mswNppHdJHB+OHH7VWj\/AJT7sN5\/3KxP5Z\/ti8p0+LZE\/LlXPuVWb7wKkeQ4tNjD7dbfW7EVWfKlcfKQx5+ajuf7RAH7Jrc4pzALOyggjPyxhj\/sAru59vfAqnBM4q1jvLL41aavJkt0rWIavlC5g1HzWI+iPwxHifCIfefgPXWBeUGSwllkHy5UOq\/kKpDFf6RGc\/VW9yNyqQRdXKnPeJG7+vqP+d6h8e\/a+OmRg\/GlskU2pTt1fcWktqJnNmjrHKPhH1cz8mt9puHiJ2lTI\/pIcj9Rb6qkfKpH6EDfnOv1qD\/21VrmNrG9\/qZAy+2M77f2SR781bvKcQ1rE43HUBB9hjfFUtH+at47smK0\/csmG3Wq0cBP\/hoP6qP9gVReJJq40oG\/pxH+7GGP3VeuBjFtDnwij\/YFVLk2Dzi8uL0\/NDMsZ9eds\/BQv96oY524rej0dTXjjFj9Yn5L7SlKg9EpSlApSlApSlApSlApSlApSlApSlApSlArmflds5jLazRW80yLBxGFujGZGV5rbpxZVd9JPj2GKnueub7O1V7a5uGhkmhfQyxyPpDBkD5QdwfaDtXE9UH0mufs97+8oP0FyfaPFYWkUq6Xjt4UdfUyxqGH1iqFyBwWaO6sJZIJExZXMTlo2XS3nZdFfI2JDkgHvvXOtcH0mufs97+8prg+k1z9nvf3lB2Lymo4bh8qQyyiK9jkkEMbyMEVHy2lQT6qt3DbwTRLKEdAwOFkRo3G5HpI269vGvzhrg+k1z9nvf3lNcH0mufs97+8oL35LOFXKXidW1miW3trmJ3kQqjPJeGVRGx2cad8jarV5Q1kWSyuEglmSJ7jqCFDJIOpbSRIdA3I1MN\/CuM6oPpNc\/Z7395XuuD6TXP2e9\/eUHeeQLCSDh1pDMpWRIkDKe6nvg+0Zqicq8LuBxGBGtZkFvc8TlkkZCISkwAhKSdnJ9Q7VQdcH0mufs97+8rzXB9Jrn7Pe\/vKD9NUrmfk750sY4oLDz+S6nZ2VZHhnUuWZmUEuDjAONz4V0yg1OKSIsMrSrqjVHLrp16kCksuj8bIyMeNYeXZ4ZLaF7ZOnCyKY00aNK+A0eFbV9cdON5CrNoVm0oNTtgE4VfFjjYVi4RfdeGOYRvHrUNokXTIufBl8DQZruAOjIwyrKVYewjB++ua8oX5srp7ac4Vm0MfAOPmP7AwP6xXTzVN585aMw68K5kUYdR3dfZ+cP1\/VVsNo50t0lg12O\/4c2PzV\/mO6reUGQm9cNthI1X2rgnI9mS31VIW3NVowia5sy8saqutQjfN7EZYH248Kx8vc1oqrFfRiVF2WQqGZPzWB3I9o3q7W\/D7KdQ8cMEinxCIf9Nqve3DEVtHRg0+Oct7ZcV43nrEx0RcflAtT3WZfegP3Mayfx+tPXJ\/yzW5NyjZN3t1H9Esv3EVpy8hWZ7CRfdIx\/azUYnD6tsxro6TWfmqHOnGLe6eN4Q+tQVYsoAK918c5Bz\/AHjWTiV6ZeERg\/OjmEXwCNo\/UVqfueRLRAWeeRFHcs6AD4lagL+e3foWFkGZDOrPI3d2J0nHrGM77dhir1tWYiK9ubzr4s1L3vmmIm8bbR3lceYLh1gjtYPw0yiNPzVCgSSn1BR4+sipXg3DEt4Uhj7KO\/iT3Zj7SaRcMRZ3uNy7qqbnIVRvpQeAJ3PtrfrHNuW0Pcpj\/FxT16R7FKUrlYpSlApSlApSlApSlApSlApSlApSlArV4pM6QyvEmuRY3ZE3OpgpKrgb7nA+NbVKDhHFuOcTumD3XLUczAaQZIJmIGScDJ7ZJrR13f0Tt\/s0tfoWlB+etd39E7f7NLTXd\/RO3+zS1+haUH5613f0Tt\/s0tNd39E7f7NLX6FpQfnrXd\/RO3+zS013f0Tt\/s0tfoWlB+etd39E7f7NLTXd\/RO3+zS1+haUHALO+v4nWWLlaFHU5Vlt5Qyn1g12Dknilzc2olvbfzeUs4MellwAcKcNvvU\/TFBr39yIo3lYMQis5CgsxCgsQqjcnbYVj4RfrcQxzorqsihgrrpcA+DL4GtmWQKCzEAAEkk4AA3JJ8BXza3KSIskTq6MAVZSGVgexBGxFBlrwivaUFa4\/wAnwXBLr8lIe7qNmP56dj79j7ap1xydfQNqh9L8+F9DY9oJH1ZNdVxTFVpnvWNuzDm+z8OWeLbafjHJy6O64umwE\/8AajV\/1lT99bIfjUmw6ij14gT79\/qrpGK9rqc\/6YcR9nzHLxbbe7nEXI11M2q7uAPezSt8M4C\/DNWngXKtvbHUilpP9o5y3twOy\/AVO4piubZr2jZbFosOOeKI3n4zzl7SlKk1lKUoFKUoFKUoFKUoFKUoFKUoFK8zTNB7SlKBSvM17QDUZb8V1NdLoI83cId\/n5gjnyPV+Ex8KkzVZv8Aht2slx5oYNFzgs0pcNE4iWEuFUESDSiHSSu4O++wbkfM9r8kss8UUsqxsImdQ\/yg9Ab4zk7A+Jr4TmeHzhLZ2VZHW4ZcOCumGQI2o7YY+kcY26b77VqTcttonRCvpxW0aFs5+Rzu2Bt32xWnfcqTOxGpArpxKKQ5bKrcypNG6rj0iDGqsuRsxwdtwn4eZLR4nnS6haKP58gkXQue2TnbORj15pwrjaTrM8WGSN9AZWDK46UcuoEdvwmPhUBHy1celKREJg0BjDTXE6MInZwHaT5gOs40qSpwct2qZ4Hw2WNLjrdMPPK0mI86F1RRpjJAJOUO+N++BnADX4bzWs0EEojKtLKkLxsRqiZl1eltuMYI7ZDA1kvOcbNI55BcxydBS0io6lhg6e2fyvR95xWgeVpAbN43VWiEC3K7lZBFGQjLt89SSM7ZU4PYVGDlK8f8LJFqFrc2wIeVgzSdLEvTKhYlzF+DQYGe5wMBaTzHbqrySzRJGGVVcyD0tUayKMbYYhs6d9hmvbnmazjCGS7hUOodCZFwyE4Dqc4K+3tUUeDXSym5QQGXqF+mzP08NbRROBIEyrBo9jpOVJGBnbFa8pyLFMhaNjJbTRZwQoklmmmcAYOIgZQB44UUFh\/hu263m\/nEfWPaPWNfzdWNOe+n0serepCqlFy\/cLeCZGWOPUrSFZZflAIwhRrdgY9W34UEHAG1W0UGK5t0kRo5FDI6lWUjIZSMMpHiCCRXzY2ccMaxQoEjQBVVRgADsAKX0TNG6o5jZlYK4AJRiCA4B2ODvj2Vi4PbSRwRxzTGaRVAeUgKXYd2wO1BuVHXHGYkmMMh0ERrKXYqsYDSdNRqJ+cW8MeIqRqscycuyXErOpTSY4EIbO+i7WdsjHYqCPfQb11zRaR9ItcxaZndEcOhTUiM75bOABpx7yB41vJxOEyNCs0ZlXdow6l1G2SUzkdx9YquycuzrKZo+mxF690qMzKCjWXmpUsFOltRLdjn4143ALprtJ5JVZI5pnX03z03heNIxFjQpUsMtklsZyO1BYLTjFvKGMVxFIFAZtEiNpUglWbB2BAOD7KwjjsLBDDLFKGdEyksZA1atJ+dv807Dc4OBsaq68lyC0WBnRccONo7KGPp7HVpABZNm27nUfXXzwywmubh5+mkYWezY4WRVbpRyBwhdFL\/AD1GrSB4fi0E9bc2QPbyzqwLRJNI8OpDMFiZ1JK52zo2J9YqQ\/hiAdPqTRxtKFZEd1V2zjAAJ33IG1VGPk64MXRYwLojv1R11ana5L6Q3ojSoDAtgnJC7DFbV3yi7SMWAljlhgikXrzQ6emCpxoBDqc5AOCCDvvsF0pQUoFKUoFKUoFKUoFKUoFKUoFVfnmaQG0SITN1LhlZIJEjldRbTvgO7KoAKKxyR83xq0VHca4LDdKizh\/QbWhSSSJlbSyZDxsrfNdh38aCDtr64iWKGK3kM0zSNovLgHSkYTWerH1e+pQF9pJxWrw\/meWOzmkkTW0Fn50dTklmL3OYycdh0QNXt7bVNrypbdMRlZGAfqKXnneRWwFOmVnLqCBgqDg5ORua+Ljk2ydFjaH0FjaIKHkVTGc+gwDDUBqJGc6ScjFB4vGbgzuFgj82jk6TyNNpl1aFcssZTToBYLu4Pc49dfvebbxo5VSGKOTRHLCwklZCpmSNlZngUE+n3QMO+42zap+W7ZpjO0QLndt20M2kJraPOhn0gDURkDxqCjsOEiVrcOOo6tbsDNMxwSrdASFjpYFQVUEFfDGTQZ\/4buOqYLeFHmLyk9WZ1iVIxCG0sI2O5lAC4x3J9Va0\/OU+C8VrGY47eG5n1zFZFDvOjxxhY2V2HQbclQfjU1f8v2rITKjYUtIXEkquPRUOeorBsEIuRnBxvmltwqzkR0iRdDwxQOqEgCEK7RJpB9EYlYjsfS91BoTczTC7WDoxmFpDCJFeRpAwjd9TARdIDKEaepqHv2qS5QuGksLSSRizvbwszHuzGNSxPtJrz+K9r1ev0zr19QenJpVznU6x6tKs2ptRAGrJzmvuGyhtFLhikUcMUQUsxREjLaSASd8OAT3OkZzQVy6uZVlknea46Qmws0LwvaxorqjRSwEhwchlZsMQcnUvYbF9zFcGK6lFugt4xdoricrOXg6qsdOjCqWiYAqxYbHHfG9xfg9hGxurlVT01ZtTusTyZXQzQhtDyZC4ypOQKxWfCeHXZlmiVZC3USQBpAFaRCsh6RIEcjK5ywUMQ3fegxyc1Si56S22qFZEhdwZjLqbR6YURFNClxnLg4DHGwBjr7mq8NvI4ghi12tzNbuJmZgYdIYyJ0sDIfUuC264Pfa0Py9bmYTmM68hvnOELAAK7R6tDONK4YgkYG9fT8BtyioY8qsckQBLY0SACRTvvnA70FV4pxC7aWGFSqFrmGOfE0gH8j67LEwTIXKt4DOkZxqON3hPMNxIsPQt0ZBBbSTtLcFX+VUnEfoEOVAySxXOces1L\/wLbRdMlDlZIyhLSO3UERt0JJJJOglcn15O+9fD8pWZ6WYfwSJGo1uAUj\/BLIurEgU7jXnB3oPOY+MTQ6Ft445HbUcSPIPRXAOlIopHb5w3xgbZO4Bh15xndRNDaxmAW9tcyF5isgWYMxREEZDMoXOSVB+6e41wi2meI3Ay+WSP03QsCNbxnSw1qQmShyDozjavjh\/BbUwaYoz0pIYo8ZcZiRT0l3ORgMfbvvQRknGriSeHESpbm6aEOJT1WMazK\/Ui0ABCybYYnYEjfa21EDlu2E3nHS+U1awdT6Q+GUuEzpDEMQSBk+Oal6DBfXSxRvLISERWdiASQqgsxAG52HYVj4TxGO4hjnhJMcih0JBBIPbY7its14BQe1Xb6eaa8a1jnaBI4Y5mZFjaVy7yIqr1FZQq9I59Ekl13HjYqi+JcOt5pF6hxKikqUkeOUIThvSRg2gkDbtkCgjLnmJoOqjp1WhayjZ8hOobiVYi2kKQunVnG+e21RfD+O3hnjjQRyq91xBG6jlCEilxGqlY2+avb14wT41O\/wAW7KXRIE1DEOkrJJpYRP1IWOGw5VtwxydyM4Jr7u+DWiBXcGPEzSK4kdD1Znw3pBgcOzAaexyBig04ubMqjdHGoXxxr7eayGPvp\/Hxn2e2sF7zbLFBHM9tEGkRpRD5w5l6SojsQFgYFxqwRkKPR9PfaTg5btNbSKm56ynDuVXqn5dVXVpTURkgAb796y33LttKqLJGSEjaJcO6\/JsArxsVYalOlcg5GwoNbgnEWlurgaiYxHavGpx6OtHZvrwPqqfrTs+GxRMzRrgssaMck5WMFUG58ATW5QKUpQKUpQKUpQKUpQKUpQKUpQKUpQKUpQeGqZwu4McMdk9hLJKsi5zGfN2xPr8684wY\/wDe4zryMac1dKUFC6s7aYDDc6o5L7qMyP0yrLcGDD9pAQyYxnGwODgVrWlo0DtKIbnOqxkk0rO2qMQCNwqbgsrZ1Io1YHbtXRqUFGsbaaa4R5UuVjDXsioWkjBImgNvrIONxqKoTjBORsQIG1iuG6umG7CyWkxmSVbph5wJICqhpWIZwGl3jRVO+MgYXq9KCA5lRhJbXHSaVIHdnVBqkXVEyCVE7uVzjA3wxwD2qBv7eS6meeOK4hikNlCx0yQzSKs7vK5UYkSMLJp1HSd27AAm+0oOcTroukU+ddUXkSKwknNr5uD6CE6umWwPSB9PVknbeo\/Rct1nijvo2ktrxZVYXTFZsI0IVnYoXHphWiQL4AnYV0VeA2wnNyLeLrnvLoXqdsZ1YznG2e+KkqClNYSQSSJF5y0XUspN3mlJJeTzjSzEnGFTUoOBkbDNV3hKYS4mWDiKM6oi25\/hAdKHrJrcyyZMk+DkiI50qVTfLnq9KDmXCrJ+pbtJFdmOK++RLLdgpG9ns7K7s\/T6uxLn0ckEKMiviGC56EImS+8480tfNShnCLMIh1fOMEKH6nzusMFcAZORXUKUFKteGyLNFcZuOobydHBeYx9AifTmInQI8hCGx3Iwd8VdRSlBr3zOI3MKq0gVjGrHCl8HSGPgCcZNYuDSTNBG10ipMVBlRDlVbG4B8R8T7zW7SgVWb+wlfiOtJJIl81C60RCpbrE6CzowzjfA33qzUoOWLDdpb20bNcQoLKJY2jhunZLnL6zJFBvkDpYWQaD6Q9dTN5bXQE8ga4MgvbZUCmUJ0epa9YpGNih+Vy2+BqGcZq9UoOd20Zt4LpFgujIbt9Yze6RFJdMyzRFMl8K2WER1H8bG9fdpJc9G286876YlvFcxrMJsLKy2ZfT8p09I+cdj6BYkEk9BrVv+HxTLomQOvqPbsQf1Ej40HNo7i7ktrZmmuAj2URjmjjuZmFwS+uSRbfOogdIgOCh9KunwA6RqOTgZIGATjc48K9hiCqFUBVAAUAYAAGAAPAV90ClKUClKUClKUClKUClKUClKUClKUClKUClKUClKUClKUClKUClKUClKUClKUClKUGC+VzG4hZVkKsI2YZUPg6Sw8QDjIrFwdJhBGLpkacKOq0YIQv4lQQNvgPcK8pQbtKUoFKUoFKUoFKUoFKUoFKUoFKUoFKUoFKUoFKUoP\/\/Z\" alt=\"\"\/><\/figure>\n\n\n\n<div style=\"height:21px\" aria-hidden=\"true\" class=\"wp-block-spacer\"><\/div>\n\n\n\n<p><strong>Intangible cultural heritage includes traditions or living expressions inherited from our ancestors and passed on to our descendants, such as:<\/strong><\/p>\n\n\n\n<p>a) Oral traditions and expressions, including language as a vector of intangible cultural heritage;<\/p>\n\n\n\n<p>b) Performing arts;<\/p>\n\n\n\n<p>c) Social practices, rituals and festive events;<\/p>\n\n\n\n<p>d) Knowledge and practices related to nature and the universe;<\/p>\n\n\n\n<p>e) Skills linked to traditional crafts.<\/p>\n\n\n\n<p>\u201cSafeguarding\u201d refers to the adoption of measures aimed at ensuring the viability of intangible cultural heritage, including identification, documentation, research, preservation, protection, promotion, enhancement, transmission, essentially through formal and non-formal education, as well as the revitalization of the different aspects of that heritage.<\/p>\n\n\n\n<p><strong>O PATRIM\u00d3NIO CULTURAL IMATERIAL \u00c9:<\/strong><\/p>\n\n\n\n<p class=\"translation-block\"><strong>Traditional, contemporary and living<\/strong>: intangible cultural heritage represents not only traditions inherited from the past, but also contemporary rural and urban practices in which different cultural groups participate;<\/p>\n\n\n\n<p class=\"translation-block\"><strong>Inclusive:<\/strong> we can share expressions of intangible cultural heritage that are similar to those practiced by others, that have been passed down from generation to generation, that have evolved in response to the environment and that contribute to instilling in us a sense of identity and continuity, constituting a link from the past, through the present, to our future;<\/p>\n\n\n\n<p class=\"translation-block\"><strong>Representative:<\/strong> intangible cultural heritage thrives on the basis of communities and depends on holders and practitioners whose knowledge of traditions, know-how and practices are passed on to the rest of the community, from generation to generation, or to other communities;<\/p>\n\n\n\n<p class=\"translation-block\"><strong>Community-based:<\/strong> intangible cultural heritage must be recognised as such by the communities, groups or individuals who create, maintain and transmit it \u2013 without this recognition, no one can decide that a particular expression or practice constitutes their heritage.<\/p>\n\n\n\n<p><strong>Convention for the Safeguarding of the Intangible Cultural Heritage<\/strong><\/p>\n\n\n\n<p>On 17 October 2003, the Convention for the Safeguarding of the Intangible Cultural Heritage was adopted during the 32nd General Conference of the United Nations Educational, Scientific and Cultural Organization (UNESCO). This Convention entered into force on 20 April 2006, three months after the date of deposit with the Director-General of UNESCO of the 30th instrument of ratification, acceptance, approval or accession.<\/p>\n\n\n\n<p>The 2003 Convention has several objectives:<\/p>\n\n\n\n<p>a) Safeguarding intangible cultural heritage;<\/p>\n\n\n\n<p>b) Respect for the intangible cultural heritage of communities, groups and individuals;<\/p>\n\n\n\n<p>c) Raising awareness, at local, national and international levels, of the importance of intangible cultural heritage and its mutual recognition;<\/p>\n\n\n\n<p>d) International cooperation and assistance, within the framework of an increasingly globalized world that threatens to standardize cultures while simultaneously increasing social inequalities.<\/p>\n\n\n\n<p>Establishing itself as an instrument to promote intangible cultural heritage, the main generator of cultural diversity and guarantor of sustainable development, the 2003 Convention aims to fill a gap in the legal system for the international protection of cultural heritage, whose instruments, until now, did not consider intangible cultural heritage, but only tangible, movable and immovable cultural heritage, meaning that intangible cultural expressions could not be safeguarded through the international legal instruments that existed at the time.<\/p>\n\n\n\n<p class=\"translation-block\">According to the Convention, intangible cultural heritage is considered to <em>be \"(...) the practices, representations, expressions, knowledge and skills \u2013 as well as the instruments, objects, artefacts and cultural spaces associated with them \u2013 that communities, groups and, where appropriate, individuals recognise as an integral part of their cultural heritage. This intangible cultural heritage, transmitted from generation to generation, is constantly recreated by communities and groups according to their environment, their interaction with nature and their history, instilling in them a sense of identity and continuity, thus contributing to the promotion of respect for cultural diversity and human creativity\u00bb<\/em> (Article 2). It is therefore this intangible cultural heritage that the 2003 Convention intends to safeguard, providing, among other measures, that each State Party draws up inventories of this heritage.<\/p>\n\n\n\n<p>Portugal has 8 cultural elements registered on the Representative List of the Intangible Cultural Heritage of Humanity:<\/p>\n\n\n\n<ul class=\"wp-block-list\">\n<li><a href=\"https:\/\/ich.unesco.org\/en\/RL\/fado-urban-popular-song-of-portugal-00563\" target=\"_blank\" rel=\"noreferrer noopener\">Fado, Portuguese urban popular music<\/a>&nbsp;(2011)<\/li>\n\n\n\n<li><a href=\"https:\/\/ich.unesco.org\/en\/RL\/mediterranean-diet-00884\" target=\"_blank\" rel=\"noreferrer noopener\">Mediterranean diet<\/a>&nbsp;(2013)<\/li>\n\n\n\n<li><a href=\"https:\/\/ich.unesco.org\/en\/RL\/cante-alentejano-polyphonic-singing-from-alentejo-southern-portugal-01007\" target=\"_blank\" rel=\"noreferrer noopener\">Cante Alentejano, polyphonic singing from Alentejo, southern Portugal<\/a>&nbsp;(2014)<\/li>\n\n\n\n<li><a href=\"https:\/\/ich.unesco.org\/en\/RL\/falconry-a-living-human-heritage-01708\" target=\"_blank\" rel=\"noreferrer noopener\">Falconry, a living human heritage<\/a>&nbsp;(2016)<\/li>\n\n\n\n<li><a href=\"https:\/\/ich.unesco.org\/en\/RL\/craftmanship-of-estremoz-clay-figures-01279\" target=\"_blank\" rel=\"noreferrer noopener\">Production of clay figures from Estremoz&nbsp;<\/a>(2017)&nbsp;<\/li>\n\n\n\n<li><a href=\"https:\/\/ich.unesco.org\/en\/RL\/winter-festivities-carnival-of-podence-01463\" target=\"_blank\" rel=\"noreferrer noopener\">Podence Carnival<\/a>&nbsp;(2019)<\/li>\n\n\n\n<li><a href=\"https:\/\/ich.unesco.org\/en\/RL\/community-festivities-in-campo-maior-01604\" target=\"_blank\" rel=\"noreferrer noopener\">Campo Maior People's Festivities<\/a>&nbsp;(2021)<\/li>\n\n\n\n<li><a href=\"https:\/\/unescoportugal.mne.gov.pt\/pt\/noticias\/inscricao-da-arte-equestre-em-portugal-na-lista-representativa-do-patrimonio-cultural-imaterial\">Equestrian art in Portugal<\/a> (2024)<\/li>\n<\/ul>\n\n\n\n<p class=\"translation-block\">The <a href=\"https:\/\/ich.unesco.org\/en\/USL\/manufacture-of-cowbells-01065\" target=\"_blank\" rel=\"noreferrer noopener\">Manufacture of cowbells<\/a> and the <a href=\"https:\/\/ich.unesco.org\/en\/USL\/bisalhes-black-pottery-manufacturing-process-01199\" target=\"_blank\" rel=\"noreferrer noopener\">Manufacture of black pottery of Bisalh\u00e3es<\/a> are included in the List of Intangible Cultural Heritage of Humanity in Need of Urgent Safeguarding since 2015 and 2016 respectively.<\/p>\n\n\n\n<p class=\"translation-block\">See <a href=\"https:\/\/ich.unesco.org\/en\/lists\" target=\"_self\">here<\/a> the Lists of the Intangible Cultural Heritage of Humanity.<\/p>\n\n\n\n<p><strong>To find out more:<\/strong><\/p>\n\n\n\n<p class=\"translation-block\">-&gt; Consult the Operational Guidelines of the Convention for the Safeguarding of the Intangible Cultural Heritage (2022 version) <a href=\"https:\/\/ich.unesco.org\/doc\/src\/ICH_Operational_Directives_2022-EN.pdf\" target=\"_self\">here<\/a>.<\/p>\n\n\n\n<p>-&gt; <a href=\"https:\/\/ich.unesco.org\/en\/\" target=\"_blank\" rel=\"noreferrer noopener\">Site da UNESCO<\/a>.<\/p>\n\n\n\n<p><\/p>\n\n\n\n<p>Source:<\/p>\n\n\n\n<p><a href=\"https:\/\/unescoportugal.mne.gov.pt\/pt\/temas\/proteger-o-nosso-patrimonio-e-promover-a-criatividade\/patrimonio-cultural-imaterial#:~:text=Considera%2Dse%20patrim%C3%B3nio%20cultural%20imaterial,caso%2C%20os%20indiv%C3%ADduos%20reconhe%C3%A7am%20como\">National Commission for UNESCO \u2013 Ministry of Foreign Affairs<\/a>.<\/p>\n\n\n\n<p><\/p>","protected":false},"excerpt":{"rendered":"<p>O patrim\u00f3nio cultural imaterial deve ser reconhecido como tal pelas comunidades, grupos ou indiv\u00edduos que o criam, mant\u00eam e transmitem \u2013 sem o seu reconhecimento, ningu\u00e9m poder\u00e1 decidir que uma determinada express\u00e3o ou pr\u00e1tica constitui o seu patrim\u00f3nio. O patrim\u00f3nio cultural imaterial inclui as tradi\u00e7\u00f5es ou express\u00f5es vivas herdadas dos nossos antepassados e transmitidas aos [&hellip;]<\/p>","protected":false},"author":2,"featured_media":0,"parent":0,"menu_order":0,"comment_status":"closed","ping_status":"closed","template":"","meta":{"footnotes":""},"class_list":["post-350","page","type-page","status-publish","hentry"],"_links":{"self":[{"href":"https:\/\/vinhomadeira.web.uma.pt\/en\/wp-json\/wp\/v2\/pages\/350","targetHints":{"allow":["GET"]}}],"collection":[{"href":"https:\/\/vinhomadeira.web.uma.pt\/en\/wp-json\/wp\/v2\/pages"}],"about":[{"href":"https:\/\/vinhomadeira.web.uma.pt\/en\/wp-json\/wp\/v2\/types\/page"}],"author":[{"embeddable":true,"href":"https:\/\/vinhomadeira.web.uma.pt\/en\/wp-json\/wp\/v2\/users\/2"}],"replies":[{"embeddable":true,"href":"https:\/\/vinhomadeira.web.uma.pt\/en\/wp-json\/wp\/v2\/comments?post=350"}],"version-history":[{"count":6,"href":"https:\/\/vinhomadeira.web.uma.pt\/en\/wp-json\/wp\/v2\/pages\/350\/revisions"}],"predecessor-version":[{"id":1185,"href":"https:\/\/vinhomadeira.web.uma.pt\/en\/wp-json\/wp\/v2\/pages\/350\/revisions\/1185"}],"wp:attachment":[{"href":"https:\/\/vinhomadeira.web.uma.pt\/en\/wp-json\/wp\/v2\/media?parent=350"}],"curies":[{"name":"wp","href":"https:\/\/api.w.org\/{rel}","templated":true}]}}