{"id":269,"date":"2025-01-02T19:59:42","date_gmt":"2025-01-02T19:59:42","guid":{"rendered":"https:\/\/vinhomadeira.web.uma.pt\/?page_id=269"},"modified":"2025-08-10T17:51:20","modified_gmt":"2025-08-10T17:51:20","slug":"os-nossos-parceiros","status":"publish","type":"page","link":"https:\/\/vinhomadeira.web.uma.pt\/en\/os-nossos-parceiros\/","title":{"rendered":"our Partners"},"content":{"rendered":"<blockquote class=\"wp-block-quote is-layout-flow wp-block-quote-is-layout-flow\">\n<p>The application of Madeira Wine Traditions has both regional and international partners.<\/p>\n<\/blockquote>\n\n\n\n<figure class=\"wp-block-image size-full is-style-rounded is-style-rounded--1\"><img loading=\"lazy\" decoding=\"async\" width=\"679\" height=\"501\" src=\"https:\/\/vinhomadeira.web.uma.pt\/wp-content\/uploads\/2025\/01\/Cavenpor-1.jpg\" alt=\"\" class=\"wp-image-278\"\/><\/figure>\n\n\n\n<div style=\"height:41px\" aria-hidden=\"true\" class=\"wp-block-spacer\"><\/div>\n\n\n\n<p>The list of partners collaborating with our team is already extensive, and here are just a few examples: <\/p>\n\n\n\n<ul class=\"wp-block-list\">\n<li><a href=\"https:\/\/www.madeira.gov.pt\/presidencia\">Presid\u00eancia do Governo Regional da Madeira<\/a><\/li>\n\n\n\n<li><a href=\"https:\/\/www.madeira.gov.pt\/sretc\">Secretaria Regional da Economia, Turismo e Cultura<\/a><\/li>\n\n\n\n<li><a href=\"https:\/\/www.madeira.gov.pt\/drc\">Dire\u00e7\u00e3o Regional da Cultura<\/a><\/li>\n\n\n\n<li><a href=\"https:\/\/www.madeira.gov.pt\/drt\" data-type=\"link\" data-id=\"https:\/\/www.madeira.gov.pt\/drt\">Dire\u00e7\u00e3o Regional de Turismo<\/a><\/li>\n\n\n\n<li><a href=\"https:\/\/ccmm.madeira.gov.pt\/\" data-type=\"link\" data-id=\"https:\/\/ccmm.madeira.gov.pt\/\">Dire\u00e7\u00e3o Regional das Comunidades e da Coopera\u00e7\u00e3o Externa<\/a><\/li>\n\n\n\n<li><a href=\"https:\/\/ivbam.madeira.gov.pt\/\" data-type=\"link\" data-id=\"https:\/\/ivbam.madeira.gov.pt\/\">Instituto do Vinho, Bordado e Artesanato da Madeira<\/a><\/li>\n\n\n\n<li><a href=\"https:\/\/www.cmcalheta.pt\/\">C\u00e2mara Municipal da Calheta<\/a><\/li>\n\n\n\n<li><a href=\"https:\/\/cm-camaradelobos.pt\/\" data-type=\"link\" data-id=\"https:\/\/cm-camaradelobos.pt\/\">C\u00e2mara Municipal de C\u00e2mara de Lobos<\/a><\/li>\n\n\n\n<li><a href=\"https:\/\/cm-machico.pt\/\">C\u00e2mara Municipal de Machico<\/a><\/li>\n\n\n\n<li><a href=\"https:\/\/www.cm-pontadosol.pt\/\">C\u00e2mara Municipal da Ponta do Sol<\/a><\/li>\n\n\n\n<li><a href=\"https:\/\/cm-portosanto.pt\/\" data-type=\"link\" data-id=\"https:\/\/cm-portosanto.pt\/\">C\u00e2mara Municipal <\/a>e <a href=\"https:\/\/www.jfportosanto.pt\/\">Junta de Freguesia do Porto Santo<\/a><\/li>\n\n\n\n<li><a href=\"https:\/\/cm-ribeirabrava.pt\/\">C\u00e2mara Municipal da Ribeira Brava<\/a><\/li>\n\n\n\n<li><a href=\"https:\/\/www.bing.com\/ck\/a?!&amp;&amp;p=e6fde114edee49edc9fead52fbf5870fd94ff334481748ce71fabd48df4562e2JmltdHM9MTczNTc3NjAwMA&amp;ptn=3&amp;ver=2&amp;hsh=4&amp;fclid=36bdf90a-be7b-60af-171a-ed96bf1c61b0&amp;psq=C%c3%a2mara+Municipal+de+Santa+Cruz&amp;u=a1aHR0cHM6Ly93d3cuY20tc2FudGFjcnV6LnB0Lw&amp;ntb=1\">C\u00e2mara Municipal de Santa Cruz<\/a><\/li>\n\n\n\n<li>Mesa da Sec\u00e7\u00e3o dos Vinhos da <a href=\"https:\/\/www.acif-ccim.pt\/\">Associa\u00e7\u00e3o Comercial e Industrial do Funchal<\/a><\/li>\n\n\n\n<li><a href=\"http:\/\/amc-cgm.blogspot.com\/\">Confraria Enogastron\u00f3mica da Madeira<\/a><\/li>\n\n\n\n<li><a href=\"https:\/\/abiqueira.com\/atremar-a-ilha\/\">Associa\u00e7\u00e3o Atremar a Ilha<\/a><\/li>\n\n\n\n<li><a href=\"https:\/\/www.instagram.com\/cavenport_ve\/\">C\u00e2mara Venezuelana Portuguesa de Com\u00e9rcio, Ind\u00fastria, Turismo e Afins <\/a><\/li>\n<\/ul>\n\n\n\n<p><\/p>","protected":false},"excerpt":{"rendered":"<p>A candidatura das tradi\u00e7\u00f5es do Vinho Madeira tem parceiros dentro e fora da Regi\u00e3o. \u00c9 j\u00e1 extensa a lista de entidades que colaboram com a nossa equipa, passando a mencionar apenas algumas, nomeadamente:<\/p>","protected":false},"author":2,"featured_media":0,"parent":0,"menu_order":0,"comment_status":"closed","ping_status":"closed","template":"","meta":{"footnotes":""},"class_list":["post-269","page","type-page","status-publish","hentry"],"_links":{"self":[{"href":"https:\/\/vinhomadeira.web.uma.pt\/en\/wp-json\/wp\/v2\/pages\/269","targetHints":{"allow":["GET"]}}],"collection":[{"href":"https:\/\/vinhomadeira.web.uma.pt\/en\/wp-json\/wp\/v2\/pages"}],"about":[{"href":"https:\/\/vinhomadeira.web.uma.pt\/en\/wp-json\/wp\/v2\/types\/page"}],"author":[{"embeddable":true,"href":"https:\/\/vinhomadeira.web.uma.pt\/en\/wp-json\/wp\/v2\/users\/2"}],"replies":[{"embeddable":true,"href":"https:\/\/vinhomadeira.web.uma.pt\/en\/wp-json\/wp\/v2\/comments?post=269"}],"version-history":[{"count":14,"href":"https:\/\/vinhomadeira.web.uma.pt\/en\/wp-json\/wp\/v2\/pages\/269\/revisions"}],"predecessor-version":[{"id":1570,"href":"https:\/\/vinhomadeira.web.uma.pt\/en\/wp-json\/wp\/v2\/pages\/269\/revisions\/1570"}],"wp:attachment":[{"href":"https:\/\/vinhomadeira.web.uma.pt\/en\/wp-json\/wp\/v2\/media?parent=269"}],"curies":[{"name":"wp","href":"https:\/\/api.w.org\/{rel}","templated":true}]}}