{"id":259,"date":"2025-01-02T19:19:32","date_gmt":"2025-01-02T19:19:32","guid":{"rendered":"https:\/\/vinhomadeira.web.uma.pt\/?page_id=259"},"modified":"2025-03-17T19:06:42","modified_gmt":"2025-03-17T19:06:42","slug":"as-nossas-motivacoes","status":"publish","type":"page","link":"https:\/\/vinhomadeira.web.uma.pt\/en\/as-nossas-motivacoes\/","title":{"rendered":"our Motivation"},"content":{"rendered":"<blockquote class=\"wp-block-quote is-layout-flow wp-block-quote-is-layout-flow\">\n<p>Paying a fair price for grapes helps, but it alone cannot inspire new generations to dedicate themselves to viticulture.<\/p>\n<\/blockquote>\n\n\n\n<figure class=\"wp-block-image size-full is-style-rounded is-style-rounded--1\"><img loading=\"lazy\" decoding=\"async\" width=\"3886\" height=\"2915\" src=\"https:\/\/vinhomadeira.web.uma.pt\/wp-content\/uploads\/2025\/01\/20240820_154059-tratada.jpg\" alt=\"\" class=\"wp-image-295\"\/><\/figure>\n\n\n\n<div style=\"height:23px\" aria-hidden=\"true\" class=\"wp-block-spacer\"><\/div>\n\n\n\n<p class=\"translation-block\">Over the last few decades,  <a href=\"https:\/\/vinhomadeira.web.uma.pt\/en\/?page_id=181\" data-type=\"page\" data-id=\"181\" target=\"_self\">several factors<\/a> have contributed to the <strong>retreat of the vine cultivation<\/strong> to higher altitudes. Today, it has reached up to 800 meters in certain areas of Madeira. The heavily anthropized landscape depends directly on the continuity of viticulture, which must be passed down to future generations. And, ultimately, it is on it that the<strong> preservation of the Madeiran landscape<\/strong> as a whole depends.<\/p>\n\n\n\n<p class=\"translation-block\">The increasing abandonment of vine cultivation endangers <strong>soil sustainability<\/strong>, leading to erosion and the spread of invasive species, which are far more flammable than the endemic forest that once occupied these areas. The continuity of viticulture is particularly important in the higher areas, contributing to reducing the risks <strong>of fire propagation<\/strong>. Although the sector currently contributes little to the region's GPD, it remains a key factor in the <strong>destination's attractiveness<\/strong>.<\/p>\n\n\n\n<p class=\"translation-block\">Viticulture yields are crucial for sustaining the farmers' <strong> lifestyle<\/strong>, upon which many of Madeira's traditions depend. Viticulture depends, in turn, on the traditions of Madeira Wine to survive and on its good name abroad. It is precisely its strong <strong>intangible component<\/strong> and its long history of consumption in other parts of the world that makes this small-scale industry resilient, despite the unfavorable global changes. Interviews, carried out during the 2024 harvest, reveal that many producers feel a lack of visibility, leading to <strong>low social valuation<\/strong> of their work. The <strong>aging<\/strong> of the sector is becoming more evident and <strong>vineyard abandonment <\/strong> is increasingly visible.<\/p>\n\n\n\n<div style=\"height:23px\" aria-hidden=\"true\" class=\"wp-block-spacer\"><\/div>\n\n\n\n<figure class=\"wp-block-image size-full is-style-rounded is-style-rounded--2\"><img loading=\"lazy\" decoding=\"async\" width=\"4672\" height=\"7008\" src=\"https:\/\/vinhomadeira.web.uma.pt\/wp-content\/uploads\/2025\/01\/013-Foto-MWC-13-3_Vindima_Madeira-Wine-Company_Campanario_Tinta-Negra_4-min.jpg\" alt=\"\" class=\"wp-image-262\"\/><\/figure>\n\n\n\n<div style=\"height:23px\" aria-hidden=\"true\" class=\"wp-block-spacer\"><\/div>\n\n\n\n<p class=\"translation-block\">The threats that weigh on Madeira Wine traditions today are not exactly new. In fact, for decades, exporting companies and the regional government have been trying to <strong>find solutions<\/strong> without, however, being able to stop the abandonment of vineyards or convince farmers to convert their plots. Madeira Wine houses have tried <strong>to enhance the value of Tinta Negra<\/strong>, using it to make wines of five years or more, with greater added value.<\/p>\n\n\n\n<p class=\"translation-block\">At the same time, they seek <strong>to acquire adjacent land<\/strong>, increasing the areas explored, which makes them more profitable. Ideally, the goal would be to compensate for the missing grapes of farmers who give up for their own production. However, the <strong>small-scale <\/strong>of the plots and the fact that many owners are emigrated have hindered this strategy, as it is impossible to carry out the large-scale transfer of ownership. Any attempt always involves a large number of participants, in most cases being absent, and it is often impossible to locate them. In turn, the Institute of Wine, Embroidery and Handicrafts of Madeira<strong> subsidizes<\/strong> the price paid to farmers for grapes, and there is also <strong>support<\/strong> to encourage them to cultivate white grape varieties, called \"noble\", instead of Tinta Negra. However, as Chris Blandy, MWC's majority partner, said in an interview in 2018:<\/p>\n\n\n\n<p class=\"translation-block\"><em>\"Agriculture does not live or be sustainable through donations of money. Subsidies are important, especially in a context of microculture, but there has to be more structural support in the long term, which the State is not doing, and if it is, there are no visible results. However, there is <strong>a need for a structuring project<\/strong> to save this region\".<\/em><\/p>\n\n\n\n<p class=\"translation-block\">Perhaps we should go even further than this producer in his analysis. It will first be necessary to look for new ways to respond to the challenges facing this sector. <strong>Paying for grapes at a fairer price helps, but it alone does not create vocations that can lead new generations to dedicate themselves to viticulture<\/strong>. In fact, what is at stake is not only the economic return, but also the <strong>social value of their effort<\/strong>. We need to learn how to deal with the weight of the human factor in decision-making, which Excel sheets with profitability estimates cannot handle.<\/p>\n\n\n\n<p class=\"translation-block\">As viticulture is a sector in which it has been involved for a long time, the <strong>University of Madeira<\/strong> is committed to helping to find appropriate solutions, which will be decisive for the future of Madeira Wine <strong>Traditions<\/strong>.<\/p>\n\n\n\n<p class=\"translation-block\">Therefore, it is proposed to develop a <strong>multidisciplinary research <\/strong>project in collaboration with the other parties involved, taking into account not only the economic, but also social, cultural and environmental aspects at stake, making use of the very diverse skills and the high level of qualification of its human resources. Inclusion in <strong>the National Inventory of Intangible Cultural Heritage<\/strong> will be the first step in testing whether <strong>boosting the self-esteem<\/strong> of those who continue viticulture is a key factor in ensuring the sector's sustainability. The next step will be the elevation of Madeira Wine Traditions on <strong>the List of Intangible Cultural Heritage of Humanity<\/strong>.<\/p>\n\n\n\n<div style=\"height:23px\" aria-hidden=\"true\" class=\"wp-block-spacer\"><\/div>\n\n\n\n<figure class=\"wp-block-image size-full is-style-rounded is-style-rounded--3\"><img loading=\"lazy\" decoding=\"async\" width=\"4672\" height=\"7008\" src=\"https:\/\/vinhomadeira.web.uma.pt\/wp-content\/uploads\/2025\/01\/053-Foto-MWC-53-7_Festa-do-Vinho_Blandys-Wine-Festival_10.jpg\" alt=\"\" class=\"wp-image-264\"\/><\/figure>","protected":false},"excerpt":{"rendered":"<p>Pagar as uvas a um pre\u00e7o mais justo ajuda, mas s\u00f3 por si n\u00e3o cria voca\u00e7\u00f5es que possam levar as novas gera\u00e7\u00f5es a se dedicarem \u00e0 viticultura. Ao longo das \u00faltimas d\u00e9cadas, s\u00e3o v\u00e1rios os fatores que t\u00eam contribu\u00eddo para o recuo da cultura da vinha aos patamares altim\u00e9tricos mais elevados, atingindo hoje a cota [&hellip;]<\/p>","protected":false},"author":2,"featured_media":0,"parent":0,"menu_order":0,"comment_status":"closed","ping_status":"closed","template":"","meta":{"footnotes":""},"class_list":["post-259","page","type-page","status-publish","hentry"],"_links":{"self":[{"href":"https:\/\/vinhomadeira.web.uma.pt\/en\/wp-json\/wp\/v2\/pages\/259","targetHints":{"allow":["GET"]}}],"collection":[{"href":"https:\/\/vinhomadeira.web.uma.pt\/en\/wp-json\/wp\/v2\/pages"}],"about":[{"href":"https:\/\/vinhomadeira.web.uma.pt\/en\/wp-json\/wp\/v2\/types\/page"}],"author":[{"embeddable":true,"href":"https:\/\/vinhomadeira.web.uma.pt\/en\/wp-json\/wp\/v2\/users\/2"}],"replies":[{"embeddable":true,"href":"https:\/\/vinhomadeira.web.uma.pt\/en\/wp-json\/wp\/v2\/comments?post=259"}],"version-history":[{"count":12,"href":"https:\/\/vinhomadeira.web.uma.pt\/en\/wp-json\/wp\/v2\/pages\/259\/revisions"}],"predecessor-version":[{"id":1311,"href":"https:\/\/vinhomadeira.web.uma.pt\/en\/wp-json\/wp\/v2\/pages\/259\/revisions\/1311"}],"wp:attachment":[{"href":"https:\/\/vinhomadeira.web.uma.pt\/en\/wp-json\/wp\/v2\/media?parent=259"}],"curies":[{"name":"wp","href":"https:\/\/api.w.org\/{rel}","templated":true}]}}