{"id":195,"date":"2025-01-01T20:40:09","date_gmt":"2025-01-01T20:40:09","guid":{"rendered":"https:\/\/vinhomadeira.web.uma.pt\/?page_id=195"},"modified":"2025-02-04T17:20:05","modified_gmt":"2025-02-04T17:20:05","slug":"a-heranca-cultural","status":"publish","type":"page","link":"https:\/\/vinhomadeira.web.uma.pt\/en\/a-heranca-cultural\/","title":{"rendered":"the Heritage"},"content":{"rendered":"<blockquote class=\"wp-block-quote is-layout-flow wp-block-quote-is-layout-flow\">\n<p>The traditions of Madeira Wine, as a whole, embody a living, cross-cultural heritage that is both global and local (\"glocal\"), transcending political boundaries. However, it is deeply rooted in the territory where it is produced.<\/p>\n<\/blockquote>\n\n\n\n<figure class=\"wp-block-image size-full is-style-rounded is-style-rounded--1\"><img loading=\"lazy\" decoding=\"async\" width=\"4639\" height=\"3093\" src=\"https:\/\/vinhomadeira.web.uma.pt\/wp-content\/uploads\/2025\/01\/086-foto-JUST-018-Amarracao-palha-de-bananeira.jpg\" alt=\"\" class=\"wp-image-373\"\/><\/figure>\n\n\n\n<div style=\"height:21px\" aria-hidden=\"true\" class=\"wp-block-spacer\"><\/div>\n\n\n\n<p class=\"translation-block\">Due to the archipelago's winemaking vocation over several centuries, there are few tangible and intangible legacies that are not related to Madeira Wine, making it a central element of the<strong> collective identity <\/strong>of Madeirans and their diaspora. It is also the most identifiable cultural legacy abroad, appreciated for centuries in countries in Europe, America, Africa, Oceania and Asia, both as a drink and a culinary ingredient. Madeira wine embodies a <strong>living, cross-cultural heritage <\/strong> that is both global and local (<strong>\"glocal\"<\/strong>), transcending political boundaries. However, it is deeply rooted in the territory where it is produced.<\/p>\n\n\n\n<p class=\"translation-block\">The <strong>intangible dimension <\/strong>of this heritage lies not only in the vast <strong>know-how<\/strong> that makes it unique, but also in a age-old <strong>degustation code<\/strong> and <strong>storytelling<\/strong>, refined over generation. The know-how related to the production of Madeira Wine is in the hands of a small group of individuals strongly linked to a \"<strong>nano <em>terroir<\/em><\/strong>\" with just over 400 hectares of extension. As for degustation code, it is shared by a wide range of aficionados, dispersed across all continents.<\/p>\n\n\n\n<div style=\"height:21px\" aria-hidden=\"true\" class=\"wp-block-spacer\"><\/div>\n\n\n\n<figure class=\"wp-block-image size-full is-style-rounded is-style-rounded--2\"><img loading=\"lazy\" decoding=\"async\" width=\"720\" height=\"540\" src=\"https:\/\/vinhomadeira.web.uma.pt\/wp-content\/uploads\/2025\/01\/Tasting-array-of-18-Verdelho-Madeiras.jpg\" alt=\"\" class=\"wp-image-198\"\/><figcaption class=\"wp-element-caption\">Fotografia de Roy Hersh<\/figcaption><\/figure>\n\n\n\n<div style=\"height:21px\" aria-hidden=\"true\" class=\"wp-block-spacer\"><\/div>\n\n\n\n<p class=\"translation-block\"><strong>Storytelling<\/strong> gives all involved the feeling of belonging to the same <strong>heritage community<\/strong>, despite the ocean that separates them. It is a <strong>unifying way<\/strong> of explaining Madeira Wine, which places its origin not on land, but at sea.<\/p>\n\n\n\n<p class=\"translation-block\">The narrative is built around a <strong>fortunate discovery<\/strong> during several boat trips in the tropics, where the beneficial effect of heating on wine was found. <strong>Heat<\/strong>, once considered a humoral element by the ancients, is elevated to a core principle of the ageing process that makes Madeira Wine unique. It serves as a common thread between the legendary \"<strong>vinho de roda<\/strong>\", grade zero of this tradition, and current production methods. This creationist narrative, perfected over several generations, gives everyone a <strong>sense of identity and continuity<\/strong>. A very complex topic is thus explained in a few words, which can be understood by anyone, and also has the advantage of being <strong>inclusive<\/strong>.<\/p>\n\n\n\n<div style=\"height:21px\" aria-hidden=\"true\" class=\"wp-block-spacer\"><\/div>\n\n\n\n<figure class=\"wp-block-image size-full is-style-rounded is-style-rounded--3\"><img loading=\"lazy\" decoding=\"async\" width=\"1533\" height=\"1117\" src=\"https:\/\/vinhomadeira.web.uma.pt\/wp-content\/uploads\/2025\/01\/256-VINT-009-Vinho-viagem-navio-sagres.jpg\" alt=\"\" class=\"wp-image-197\"\/><\/figure>\n\n\n\n<div style=\"height:21px\" aria-hidden=\"true\" class=\"wp-block-spacer\"><\/div>\n\n\n\n<p class=\"translation-block\">By choosing the <strong>hold of a boat <\/strong> as its origin rather than the terroir, as is customary, this storytelling transcends isolationist cultural views rooted in the nationalism, and creates an original explanation that embraces the global dimension of this heritage. This narrative also helps to rationalize the fact that viticulture techniques have constantly evolved since the moment of their \"<strong>invention<\/strong>\" some 250 years ago. This is because what really makes his know-how unique, therefore, is not the methods employed per se, but the eminently pragmatic way in which the bearers have managed to maintain a <strong>subtle balance between <em>traditio<\/em> and <em>novum<\/em><\/strong> in the long term.<\/p>\n\n\n\n<p class=\"translation-block\">However, it is still a <strong>heritage wine<\/strong>, in the sense that it is defined, from a legal point of view, as the result of cultural and manufacturing practices that remain faithful to tradition. Tradition is understood as how it is idealized by the bearers today, specifically through the storytelling described above.<\/p>\n\n\n\n<div style=\"height:21px\" aria-hidden=\"true\" class=\"wp-block-spacer\"><\/div>\n\n\n\n<figure class=\"wp-block-image size-full is-style-rounded is-style-rounded--4\"><img loading=\"lazy\" decoding=\"async\" width=\"6745\" height=\"4497\" src=\"https:\/\/vinhomadeira.web.uma.pt\/wp-content\/uploads\/2025\/01\/258-FAR-002-Engarrafamento.jpg\" alt=\"\" class=\"wp-image-220\"\/><\/figure>\n\n\n\n<div style=\"height:21px\" aria-hidden=\"true\" class=\"wp-block-spacer\"><\/div>","protected":false},"excerpt":{"rendered":"<p>As tradi\u00e7\u00f5es do Vinho Madeira, no seu todo, d\u00e3o corpo a uma heran\u00e7a viva, transcultural e \u201cglocal\u201d, no sentido em que \u00e9 difusa e transcende as fronteiras pol\u00edticas. Por\u00e9m, est\u00e1 profundamente enraizada no territ\u00f3rio onde \u00e9 produzido. Devido \u00e0 voca\u00e7\u00e3o vitivin\u00edcola do arquip\u00e9lago ao longo de v\u00e1rios s\u00e9culos, s\u00e3o poucas os legados tang\u00edveis e intang\u00edveis [&hellip;]<\/p>","protected":false},"author":2,"featured_media":0,"parent":0,"menu_order":0,"comment_status":"closed","ping_status":"closed","template":"","meta":{"footnotes":""},"class_list":["post-195","page","type-page","status-publish","hentry"],"_links":{"self":[{"href":"https:\/\/vinhomadeira.web.uma.pt\/en\/wp-json\/wp\/v2\/pages\/195","targetHints":{"allow":["GET"]}}],"collection":[{"href":"https:\/\/vinhomadeira.web.uma.pt\/en\/wp-json\/wp\/v2\/pages"}],"about":[{"href":"https:\/\/vinhomadeira.web.uma.pt\/en\/wp-json\/wp\/v2\/types\/page"}],"author":[{"embeddable":true,"href":"https:\/\/vinhomadeira.web.uma.pt\/en\/wp-json\/wp\/v2\/users\/2"}],"replies":[{"embeddable":true,"href":"https:\/\/vinhomadeira.web.uma.pt\/en\/wp-json\/wp\/v2\/comments?post=195"}],"version-history":[{"count":13,"href":"https:\/\/vinhomadeira.web.uma.pt\/en\/wp-json\/wp\/v2\/pages\/195\/revisions"}],"predecessor-version":[{"id":1183,"href":"https:\/\/vinhomadeira.web.uma.pt\/en\/wp-json\/wp\/v2\/pages\/195\/revisions\/1183"}],"wp:attachment":[{"href":"https:\/\/vinhomadeira.web.uma.pt\/en\/wp-json\/wp\/v2\/media?parent=195"}],"curies":[{"name":"wp","href":"https:\/\/api.w.org\/{rel}","templated":true}]}}