{"id":1530,"date":"2025-07-10T14:53:15","date_gmt":"2025-07-10T14:53:15","guid":{"rendered":"https:\/\/vinhomadeira.web.uma.pt\/?page_id=1530"},"modified":"2025-07-14T19:24:19","modified_gmt":"2025-07-14T19:24:19","slug":"visite-vinhas-heroicas","status":"publish","type":"page","link":"https:\/\/vinhomadeira.web.uma.pt\/en\/visite-vinhas-heroicas\/","title":{"rendered":"visit Heroic Vineyards"},"content":{"rendered":"<p><\/p>\n\n\n\n<blockquote class=\"wp-block-quote is-layout-flow wp-block-quote-is-layout-flow\">\n<p>Join this regenerative movement that brings together tradition, nature, and local communities to secure the future of Madeira Wine Traditions.<\/p>\n<\/blockquote>\n\n\n\n<figure class=\"wp-block-image is-style-rounded is-style-rounded--1\"><img loading=\"lazy\" decoding=\"async\" width=\"2215\" height=\"1936\" src=\"https:\/\/vinhomadeira.web.uma.pt\/wp-content\/uploads\/2025\/07\/IMG_0195.jpeg\" alt=\"\" class=\"wp-image-1429\"\/><\/figure>\n\n\n\n<p class=\"translation-block\">As part of the <strong><a href=\"https:\/\/vinhomadeira.web.uma.pt\/en\/o-projeto-hevitour\/\" target=\"_self\">HeVITOUR MAD<\/a><\/strong> project, we present three small-scale winegrowers who open the doors of their vineyards to offer you a unique experience of Madeira\u2019s heroic viticulture.<\/p>\n\n\n\n<p class=\"translation-block\">These family-run estates keep alive traditional techniques that shape the island\u2019s steep slopes, preserve unique grape varieties, and foster a virtuous relationship with the land. By visiting these vineyards, you are helping to protect <a href=\"https:\/\/vinhomadeira.web.uma.pt\/en\/o-projeto-hevitour\/\" target=\"_self\">Madeira\u2019s heroic viticulture<\/a>, its original landscape, the strengthening of local communities, and the future of Madeira wine traditions.<\/p>\n\n\n\n<p id=\"block-92c953f3-fbc8-4df8-9005-3f6fc653c559\"><\/p>\n\n\n\n<p id=\"block-f23f3718-a77e-48c3-a925-e7156ebf9124\"><\/p>\n\n\n\n<p id=\"block-f98c91c7-7700-4999-a216-3b15b94a331b\"><\/p>\n\n\n\n<h3 class=\"wp-block-heading\">V\u00e9u da Noiva Vineyard<\/h3>\n\n\n\n<p class=\"translation-block\"><em>Seixal, north coast of Madeira<\/em><br>The visit, led by Mariangie Castillo\u2019s family, offers a chance to discover the tradition of <a href=\"https:\/\/vinhomadeira.web.uma.pt\/en\/o-projeto-hevitour\/\" target=\"_self\">Madeira\u2019s heroic viticulture<\/a> set within the unique landscape of Seixal, shaped by the Laurissilva forest and the striking V\u00e9u da Noiva waterfall.<br>Walk along the stepped terraces (poios) beneath the vine-covered arbors, learn about traditional practices passed down through generations, enjoy the breathtaking views, and end the experience with a tasting of 10-year-old Sercial Madeira wine, paired with cheese from a local producer and a small special surprise at the end.<\/p>\n\n\n\n<p class=\"translation-block\"><strong>Duration:<\/strong> 1 hour<br><strong>GPS:<\/strong> 32\u00b048\u201958.63\u2033N, 17\u00b05\u201947.28\u2033W<br><strong>Contact:<\/strong> Mariangie Castillo<br><strong>Phone:<\/strong> +351 917 901 817<br><strong>Email:<\/strong> <a target=\"_self\">veudanoivavineyard@gmail.com<\/a><br><strong>Instagram:<\/strong> @veudanoivavineyard<\/p>\n\n\n\n<p>Visit the vineyard <a href=\"https:\/\/vinhomadeira.web.uma.pt\/en\/a-vinha-do-veu-da-noiva\/\">V\u00e9u da Noiva<\/a>.<\/p>\n\n\n\n<p><\/p>\n\n\n\n<h3 class=\"wp-block-heading\">Pinto Figueira Vineyard<\/h3>\n\n\n\n<p class=\"translation-block\">Estreito de C\u00e2mara de Lobos, south coast of Madeira\nDiscover the soul of Madeira wine with Lino Pinto, a producer who keeps alive the tradition of foot treading in the centuries-old press of this family estate, surrounded by terraced slopes (poios) and vine-covered arbors.\n\nHere, mixed farming complements the vineyard, promoting sustainability through ecological practices, no herbicides, and the use of natural fertiliser. The visit includes a guided walk along a path paved with typical Madeiran cobblestones, sea views, and a tasting of Madeira wine and dry wine, accompanied by local snacks.<\/p>\n\n\n\n<p class=\"translation-block\"><strong>Duration:<\/strong> 1 hour<br><strong>GPS:<\/strong> 32\u00b040\u201930.47\u2033N, 16\u00b059\u201916.68\u2033W<br><strong>Contact:<\/strong> Lino Pinto<br><strong>Phone:<\/strong> +351 968 279 771<br><strong>Email:<\/strong> <a target=\"_self\">pintolino25@hotmail.com<\/a><\/p>\n\n\n\n<p>Visit the vineyard <a href=\"https:\/\/vinhomadeira.web.uma.pt\/en\/vinha-pinto-figueira\/\">Pinto Figueira<\/a>.<\/p>\n\n\n\n<p><\/p>\n\n\n\n<h3 class=\"wp-block-heading\">Ribeira do Inferno Vineyard<\/h3>\n\n\n\n<p class=\"translation-block\"><em>Estreito de C\u00e2mara de Lobos, south coast of Madeira<\/em><br>Discover the world\u2019s most extreme vineyard, where the vine-covered arbors reach over 9 metres high and the slopes are almost vertical. Guided by Lu\u00eds da Costa, you will learn about <a href=\"https:\/\/vinhomadeira.web.uma.pt\/en\/o-projeto-hevitour\/\" target=\"_self\">heroic viticulture<\/a> techniques, passed down through generations, while enjoying panoramic views of the ocean and mountains.<\/p>\n\n\n\n<p class=\"translation-block\"><strong>Duration:<\/strong> 1 hour<br><strong>GPS:<\/strong> 32\u00b040\u201930.47\u2033N, 16\u00b059\u201916.68\u2033W<br><strong>Contact:<\/strong> Madeira Wine Traditions Working Group<br><strong>Phone:<\/strong> +351 332 3883<br><strong>Email:<\/strong> <a target=\"_self\">gtcvm@mail.uma.pt<\/a><\/p>\n\n\n\n<p>Visit the vineyard <a href=\"https:\/\/vinhomadeira.web.uma.pt\/en\/vinha-da-ribeira-do-inferno\/\">Ribeira do Inferno<\/a>.<\/p>\n\n\n\n<p><\/p>\n\n\n\n<h3 class=\"wp-block-heading\">Project Identification<\/h3>\n\n\n\n<p class=\"translation-block\">This label identifies the winegrowers participating in the <a href=\"https:\/\/vinhomadeira.web.uma.pt\/en\/o-projeto-hevitour\/\" target=\"_self\"> <strong>HeVITOUR MAD<\/strong> project<\/a>, ensuring an authentic experience that directly supports the preservation of <a href=\"https:\/\/vinhomadeira.web.uma.pt\/en\/o-projeto-hevitour\/\" target=\"_self\">heroic viticulture<\/a> upstream and the traditions of Madeira Wine downstream.<\/p>\n\n\n\n<figure class=\"wp-block-image is-resized\"><img loading=\"lazy\" decoding=\"async\" width=\"1836\" height=\"989\" src=\"https:\/\/vinhomadeira.web.uma.pt\/wp-content\/uploads\/2025\/07\/logotipo-HeVITOUR.jpg\" alt=\"\" class=\"wp-image-1417\" style=\"width:413px;height:auto\"\/><\/figure>\n\n\n\n<p class=\"translation-block\">You can find more information about the HeVITOUR MAD project <a href=\"https:\/\/vinhomadeira.web.uma.pt\/en\/o-projeto-hevitour\/\" target=\"_self\">here<\/a>.<\/p>\n\n\n\n<p class=\"translation-block\">We explain how tourism can help sustain viticulture <a href=\"https:\/\/vinhomadeira.web.uma.pt\/en\/apoiar-os-viticultores\/\" target=\"_self\">here<\/a>.<\/p>\n\n\n\n<p class=\"translation-block\">Do you have a vineyard and want to welcome visitors? See how we can support you <a href=\"https:\/\/vinhomadeira.web.uma.pt\/en\/quero-receber-turistas-na-minha-vinha\/\" target=\"_self\">here<\/a>.<\/p>","protected":false},"excerpt":{"rendered":"<p>Fa\u00e7a parte deste movimento regenerativo que une tradi\u00e7\u00e3o, natureza e comunidades locais para garantir o futuro das Tradi\u00e7\u00f5es do Vinho Madeira. No \u00e2mbito do projeto&nbsp;HeVITOUR MAD, apresentamos tr\u00eas pequenos viticultores que lhe abrem as portas das suas vinhas para lhe proporcionar uma experi\u00eancia \u00fanica de contacto com a viticultura heroica madeirense. Estas quintas familiares mant\u00eam [&hellip;]<\/p>","protected":false},"author":2,"featured_media":0,"parent":0,"menu_order":0,"comment_status":"closed","ping_status":"closed","template":"","meta":{"footnotes":""},"class_list":["post-1530","page","type-page","status-publish","hentry"],"_links":{"self":[{"href":"https:\/\/vinhomadeira.web.uma.pt\/en\/wp-json\/wp\/v2\/pages\/1530","targetHints":{"allow":["GET"]}}],"collection":[{"href":"https:\/\/vinhomadeira.web.uma.pt\/en\/wp-json\/wp\/v2\/pages"}],"about":[{"href":"https:\/\/vinhomadeira.web.uma.pt\/en\/wp-json\/wp\/v2\/types\/page"}],"author":[{"embeddable":true,"href":"https:\/\/vinhomadeira.web.uma.pt\/en\/wp-json\/wp\/v2\/users\/2"}],"replies":[{"embeddable":true,"href":"https:\/\/vinhomadeira.web.uma.pt\/en\/wp-json\/wp\/v2\/comments?post=1530"}],"version-history":[{"count":11,"href":"https:\/\/vinhomadeira.web.uma.pt\/en\/wp-json\/wp\/v2\/pages\/1530\/revisions"}],"predecessor-version":[{"id":1558,"href":"https:\/\/vinhomadeira.web.uma.pt\/en\/wp-json\/wp\/v2\/pages\/1530\/revisions\/1558"}],"wp:attachment":[{"href":"https:\/\/vinhomadeira.web.uma.pt\/en\/wp-json\/wp\/v2\/media?parent=1530"}],"curies":[{"name":"wp","href":"https:\/\/api.w.org\/{rel}","templated":true}]}}