{"id":1419,"date":"2025-07-05T20:08:14","date_gmt":"2025-07-05T20:08:14","guid":{"rendered":"https:\/\/vinhomadeira.web.uma.pt\/?page_id=1419"},"modified":"2025-07-11T12:42:51","modified_gmt":"2025-07-11T12:42:51","slug":"apoiar-os-viticultores","status":"publish","type":"page","link":"https:\/\/vinhomadeira.web.uma.pt\/en\/apoiar-os-viticultores\/","title":{"rendered":"support the vinegrowers"},"content":{"rendered":"<blockquote class=\"wp-block-quote is-layout-flow wp-block-quote-is-layout-flow\">\n<p>Visiting the vineyards of Madeira is an opportunity to engage in integrated regenerative tourism, understood as a set of holistic practices that promote environmental, economic, and social well-being, as well as the cohesion of local communities. <\/p>\n<\/blockquote>\n\n\n\n<figure class=\"wp-block-image size-full is-style-rounded is-style-rounded--1\"><img loading=\"lazy\" decoding=\"async\" width=\"2147\" height=\"1936\" src=\"https:\/\/vinhomadeira.web.uma.pt\/wp-content\/uploads\/2025\/07\/turistas-veu-da-noiva.jpeg\" alt=\"\" class=\"wp-image-1421\"\/><\/figure>\n\n\n\n<div style=\"height:100px\" aria-hidden=\"true\" class=\"wp-block-spacer\"><\/div>\n\n\n\n<p class=\"translation-block\">Visiting the vineyards of Madeira is an opportunity to practice <strong>integrated regenerative tourism<\/strong>, understood as a set of holistic practices that promote environmental, economic, and social well-being, as well as the cohesion of local communities. This new way of enjoying the destination values not only the visitor's experience but also the balance between people and nature, guests and hosts in the visited territories.<\/p>\n\n\n\n<p class=\"translation-block\">In the small family vineyards of Madeira, where <a href=\"https:\/\/vinhomadeira.web.uma.pt\/en\/o-projeto-hevitour\/\" data-type=\"page\" data-id=\"1374\" target=\"_self\">heroic viticulture<\/a> shapes the steep slopes of the island, your support helps preserve traditional techniques and unique grape varieties, as well as the landscape itself, while strengthening the local economy and promoting the conservation of natural resources. By choosing these visits, you contribute to a virtuous cycle that integrates the protection of cultural heritage, respect for nature, and the harmonious development of communities.\n\n\n\n\nPerguntar ao ChatGPT<\/p>\n\n\n\n<p class=\"translation-block\">This regenerative approach recognizes the importance of integrating multiple factors \u2014 from soil health and biodiversity to valuing local knowledge and people\u2019s well-being \u2014 creating a positive impact that goes far beyond sustainable tourism, which only seeks to mitigate the negative impact of the sector. Thus, your journey becomes a <strong>conscious and responsible act<\/strong> that helps ensure the continuity and vitality of Madeira wine traditions, because <strong>without winegrowers, there is no wine.<\/strong><\/p>\n\n\n\n<p class=\"translation-block\">The pilot project <a href=\"https:\/\/vinhomadeira.web.uma.pt\/en\/o-projeto-hevitour\/\" data-type=\"page\" data-id=\"1374\" target=\"_self\"><strong>HeVITOUR MAD<\/strong><\/a> explores this new way of discovering the destination, as part of the safeguarding plan for the Traditions of Madeira Wine as Intangible Cultural Heritage of Humanity.<\/p>\n\n\n\n<p>Started in July 2025, this project, developed by a consortium of three research centers (CITUR, ISOPLEXIS, CQM) at the University of Madeira, already involves several small winegrowers eager to showcase their vineyards and share the fruits of their labor.<\/p>\n\n\n\n<p class=\"translation-block\"><br>To learn more about the vineyards you can visit, see <a href=\"https:\/\/vinhomadeira.web.uma.pt\/en\/visite-vinhas-heroicas\/\" data-type=\"page\" data-id=\"1530\" target=\"_self\">aqui<\/a>.<\/p>\n\n\n\n<p class=\"translation-block\">To learn more about the HeViTOUR MAD project, click <a href=\"https:\/\/vinhomadeira.web.uma.pt\/en\/o-projeto-hevitour\/\" data-type=\"page\" data-id=\"1374\" target=\"_self\"><strong>here<\/strong><\/a>.<\/p>\n\n\n\n<p class=\"translation-block\">Do you have a vineyard and want to welcome visitors? See how we can support you <a href=\"https:\/\/vinhomadeira.web.uma.pt\/en\/quero-receber-turistas-na-minha-vinha\/\" data-type=\"page\" data-id=\"1434\" target=\"_self\"><strong>here<\/strong><\/a>.<\/p>","protected":false},"excerpt":{"rendered":"<p>Visitar as vinhas da Madeira \u00e9 uma oportunidade para praticar um turismo regenerativo integrado, entendido como um conjunto de pr\u00e1ticas hol\u00edsticas que promovem o bem-estar ambiental, econ\u00f3mico e social, bem como a coes\u00e3o das comunidades locais. Visitar as vinhas da Madeira \u00e9 uma oportunidade para praticar um turismo regenerativo integrado, entendido como um conjunto de [&hellip;]<\/p>","protected":false},"author":2,"featured_media":0,"parent":0,"menu_order":0,"comment_status":"closed","ping_status":"closed","template":"","meta":{"footnotes":""},"class_list":["post-1419","page","type-page","status-publish","hentry"],"_links":{"self":[{"href":"https:\/\/vinhomadeira.web.uma.pt\/en\/wp-json\/wp\/v2\/pages\/1419","targetHints":{"allow":["GET"]}}],"collection":[{"href":"https:\/\/vinhomadeira.web.uma.pt\/en\/wp-json\/wp\/v2\/pages"}],"about":[{"href":"https:\/\/vinhomadeira.web.uma.pt\/en\/wp-json\/wp\/v2\/types\/page"}],"author":[{"embeddable":true,"href":"https:\/\/vinhomadeira.web.uma.pt\/en\/wp-json\/wp\/v2\/users\/2"}],"replies":[{"embeddable":true,"href":"https:\/\/vinhomadeira.web.uma.pt\/en\/wp-json\/wp\/v2\/comments?post=1419"}],"version-history":[{"count":9,"href":"https:\/\/vinhomadeira.web.uma.pt\/en\/wp-json\/wp\/v2\/pages\/1419\/revisions"}],"predecessor-version":[{"id":1557,"href":"https:\/\/vinhomadeira.web.uma.pt\/en\/wp-json\/wp\/v2\/pages\/1419\/revisions\/1557"}],"wp:attachment":[{"href":"https:\/\/vinhomadeira.web.uma.pt\/en\/wp-json\/wp\/v2\/media?parent=1419"}],"curies":[{"name":"wp","href":"https:\/\/api.w.org\/{rel}","templated":true}]}}