{"id":1399,"date":"2025-07-04T20:33:43","date_gmt":"2025-07-04T20:33:43","guid":{"rendered":"https:\/\/vinhomadeira.web.uma.pt\/?page_id=1399"},"modified":"2025-07-11T10:12:48","modified_gmt":"2025-07-11T10:12:48","slug":"vinha-da-ribeira-do-inferno","status":"publish","type":"page","link":"https:\/\/vinhomadeira.web.uma.pt\/en\/vinha-da-ribeira-do-inferno\/","title":{"rendered":"Ribeira do Inferno Vineyard"},"content":{"rendered":"<blockquote class=\"wp-block-quote is-layout-flow wp-block-quote-is-layout-flow\">\n<p>Experience the world\u2019s most extreme vineyard in Ribeira do Inferno, located in the heart of Estreito de C\u00e2mara de Lobos. <\/p>\n<\/blockquote>\n\n\n\n<figure class=\"wp-block-image size-full is-style-rounded is-style-rounded--1\"><img loading=\"lazy\" decoding=\"async\" width=\"2362\" height=\"1575\" src=\"https:\/\/vinhomadeira.web.uma.pt\/wp-content\/uploads\/2024\/12\/107-foto-JUST-039-Desfolha.jpg\" alt=\"\" class=\"wp-image-16\"\/><\/figure>\n\n\n\n<div style=\"height:100px\" aria-hidden=\"true\" class=\"wp-block-spacer\"><\/div>\n\n\n\n<h2 class=\"wp-block-heading\">Living the Tradition: The Experience<\/h2>\n\n\n\n<p>Experience the world\u2019s most extreme vineyard in Ribeira do Inferno, located in the heart of Estreito de C\u00e2mara de Lobos. Situated next to the stunning Levada do Norte, this vineyard is distinguished by vine-covered arbors soaring over 9 metres high and nearly vertical slopes, creating an impressive landscape where tradition meets daring ingenuity.<\/p>\n\n\n\n<p class=\"translation-block\"><p>Experience the world\u2019s most extreme vineyard in Ribeira do Inferno, located in the heart of Estreito de C\u00e2mara de Lobos. Situated next to the stunning Levada do Norte, this vineyard is distinguished by vine-covered arbors soaring over 9 metres high and nearly vertical slopes, creating an impressive landscape where tradition meets daring ingenuity.<\/p><\/p>\n\n\n\n<p class=\"translation-block\">This is more than just a vineyard visit \u2014 it\u2019s a cultural journey that contributes to the <strong>regeneration<\/strong> of Madeira\u2019s winemaking heritage.<\/p>\n\n\n\n<div style=\"height:100px\" aria-hidden=\"true\" class=\"wp-block-spacer\"><\/div>\n\n\n\n<figure class=\"wp-block-image size-full is-style-rounded is-style-rounded--2\"><img loading=\"lazy\" decoding=\"async\" width=\"6720\" height=\"4480\" src=\"https:\/\/vinhomadeira.web.uma.pt\/wp-content\/uploads\/2024\/12\/084-foto-JUST-016-Poda-latada-Tinta-Negra.jpg\" alt=\"\" class=\"wp-image-285\"\/><\/figure>\n\n\n\n<div style=\"height:100px\" aria-hidden=\"true\" class=\"wp-block-spacer\"><\/div>\n\n\n\n<h2 class=\"wp-block-heading\">Useful Information for Visitors<\/h2>\n\n\n\n<p class=\"translation-block\"><strong>Duration:<\/strong> 1 hour<br><strong>Location:<\/strong> C\u00e2mara de Lobos, South Coast of Madeira<br><strong>GPS:<\/strong> 32\u00b040\u201930.47\u2033N 16\u00b059\u201916.68\u2033W<\/p>\n\n\n\n<p class=\"translation-block\"><strong>Itinerary:<\/strong> To reach the parish of Estreito de C\u00e2mara de Lobos from Funchal, take the VR1 westbound and exit at Estreito de C\u00e2mara de Lobos. Continue on the local roads uphill, passing through the town centre and heading north. The Figueira area is located in the higher rural part of the parish. The journey takes about 20 to 25 minutes.<\/p>\n\n\n\n<p class=\"translation-block\"><strong>Route conditions:<\/strong> This is a moderately difficult walk. Comfortable footwear is recommended.<\/p>\n\n\n\n<p class=\"translation-block\"><strong>Contact:<\/strong> Working Group on Madeira Wine Traditions<br><strong>Phone:<\/strong> +351 963 323 883 | <strong>Email:<\/strong> <a target=\"_self\">gtcvm@mail.uma.pt<\/a><\/p>\n\n\n\n<p>Download brochure (<a href=\"https:\/\/vinhomadeira.web.uma.pt\/wp-content\/uploads\/2025\/07\/Ribeira-do-Inferno-Vineyard-brochure.pdf\">PDF<\/a>).<\/p>\n\n\n\n<p><br>To learn more about the other vineyards you can visit, see <strong><a href=\"https:\/\/vinhomadeira.web.uma.pt\/en\/visite-vinhas-heroicas\/\" data-type=\"page\" data-id=\"1530\">here<\/a><\/strong>.<\/p>\n\n\n\n<p class=\"translation-block\">We explain how tourism can help sustain viticulture <a href=\"https:\/\/vinhomadeira.web.uma.pt\/en\/apoiar-os-viticultores\/\" data-type=\"page\" data-id=\"1419\" target=\"_self\"><strong>here<\/strong><\/a>.<\/p>\n\n\n\n<p class=\"translation-block\">To learn more about the HeViTOUR MAD project, click <a href=\"https:\/\/vinhomadeira.web.uma.pt\/en\/o-projeto-hevitour\/\" data-type=\"page\" data-id=\"1374\" target=\"_self\"><strong>here<\/strong><\/a>.<\/p>\n\n\n\n<p class=\"translation-block\">Do you have a vineyard and want to welcome visitors? See how we can support you <a href=\"https:\/\/vinhomadeira.web.uma.pt\/en\/quero-receber-turistas-na-minha-vinha\/\" data-type=\"page\" data-id=\"1434\" target=\"_self\"><strong>here<\/strong><\/a>.<\/p>\n\n\n\n<p><\/p>","protected":false},"excerpt":{"rendered":"<p>Viva a experi\u00eancia da vinha mais radical do mundo na Ribeira do Inferno, situada no cora\u00e7\u00e3o do Estreito de C\u00e2mara de Lobos. Vivenciar a Tradi\u00e7\u00e3o: a Experi\u00eancia Viva a experi\u00eancia da vinha mais radical do mundo na Ribeira do Inferno, situada no cora\u00e7\u00e3o do Estreito de C\u00e2mara de Lobos. Localizada junto \u00e0 deslumbrante Levada do [&hellip;]<\/p>","protected":false},"author":2,"featured_media":0,"parent":0,"menu_order":0,"comment_status":"closed","ping_status":"closed","template":"","meta":{"footnotes":""},"class_list":["post-1399","page","type-page","status-publish","hentry"],"_links":{"self":[{"href":"https:\/\/vinhomadeira.web.uma.pt\/en\/wp-json\/wp\/v2\/pages\/1399","targetHints":{"allow":["GET"]}}],"collection":[{"href":"https:\/\/vinhomadeira.web.uma.pt\/en\/wp-json\/wp\/v2\/pages"}],"about":[{"href":"https:\/\/vinhomadeira.web.uma.pt\/en\/wp-json\/wp\/v2\/types\/page"}],"author":[{"embeddable":true,"href":"https:\/\/vinhomadeira.web.uma.pt\/en\/wp-json\/wp\/v2\/users\/2"}],"replies":[{"embeddable":true,"href":"https:\/\/vinhomadeira.web.uma.pt\/en\/wp-json\/wp\/v2\/comments?post=1399"}],"version-history":[{"count":14,"href":"https:\/\/vinhomadeira.web.uma.pt\/en\/wp-json\/wp\/v2\/pages\/1399\/revisions"}],"predecessor-version":[{"id":1537,"href":"https:\/\/vinhomadeira.web.uma.pt\/en\/wp-json\/wp\/v2\/pages\/1399\/revisions\/1537"}],"wp:attachment":[{"href":"https:\/\/vinhomadeira.web.uma.pt\/en\/wp-json\/wp\/v2\/media?parent=1399"}],"curies":[{"name":"wp","href":"https:\/\/api.w.org\/{rel}","templated":true}]}}