{"id":1389,"date":"2025-07-04T20:33:04","date_gmt":"2025-07-04T20:33:04","guid":{"rendered":"https:\/\/vinhomadeira.web.uma.pt\/?page_id=1389"},"modified":"2025-07-11T10:44:56","modified_gmt":"2025-07-11T10:44:56","slug":"vinha-pinto-figueira","status":"publish","type":"page","link":"https:\/\/vinhomadeira.web.uma.pt\/en\/vinha-pinto-figueira\/","title":{"rendered":"Pinto Figueira Vineyard"},"content":{"rendered":"<blockquote class=\"wp-block-quote is-layout-flow wp-block-quote-is-layout-flow\">\n<p>\u201c\u2026 a centuries-old winery where the rhythms of the grape harvest still echo, while Lino continues to stomp the grapes with his feet, just as his ancestors did \u2026\u201d<\/p>\n<\/blockquote>\n\n\n\n<figure class=\"wp-block-image size-full is-style-rounded is-style-rounded--1\"><img loading=\"lazy\" decoding=\"async\" width=\"1600\" height=\"1200\" src=\"https:\/\/vinhomadeira.web.uma.pt\/wp-content\/uploads\/2025\/07\/Imagem-WhatsApp-2025-06-23-as-16.14.13_eb469164.jpg\" alt=\"\" class=\"wp-image-1390\"\/><\/figure>\n\n\n\n<div style=\"height:55px\" aria-hidden=\"true\" class=\"wp-block-spacer\"><\/div>\n\n\n\n<h2 class=\"wp-block-heading\">Living the Tradition: The Experience<\/h2>\n\n\n\n<p class=\"translation-block\">Discover the soul of Madeira wine with Lino Pinto, a dedicated winegrower and winemaker, at the Pinto Figueira vineyard \u2014 a centuries-old family estate nestled on the historic slopes of Estreito de C\u00e2mara de Lobos. Surrounded by terraces supported by stone walls and ancient vine arbors, this intimate visit offers an authentic insight into the <a href=\"https:\/\/vinhomadeira.web.uma.pt\/en\/o-projeto-hevitour\/\" data-type=\"page\" data-id=\"1374\" target=\"_self\">heroic spirit of viticulture<\/a> on the island.<\/p>\n\n\n\n<p>At the heart of the estate stands a well-preserved traditional Madeiran house, perpetuating the knowledge and hospitality of several generations. Nearby is a centuries-old winery where the rhythms of the grape harvest still echo. Lino continues to stomp the grapes with his feet, just as his ancestors did, carefully crafting his own wines with character \u2014 focusing mainly on the iconic traditional grape variety, Tinta Negra.<\/p>\n\n\n\n<p>Access to the estate is via a traditional Madeiran cobblestone path, which leads you through a landscape that is both cultivated and wild. The family practices polyculture among the vine arbors, growing sweet potatoes, peas, broad beans, and various fruit trees for their own use. Even the goats play an important role, providing natural fertiliser that enriches the volcanic soil. No herbicides are used, as selective clearing and ecological care ensure the vineyard thrives sustainably.<\/p>\n\n\n\n<p class=\"translation-block\">This is more than just a vineyard visit \u2014 it\u2019s a cultural journey that contributes to the <strong>regeneration<\/strong> of Madeira\u2019s winemaking heritage.<\/p>\n\n\n\n<div style=\"height:56px\" aria-hidden=\"true\" class=\"wp-block-spacer\"><\/div>\n\n\n\n<figure class=\"wp-block-image size-full is-style-rounded is-style-rounded--2\"><img loading=\"lazy\" decoding=\"async\" width=\"1600\" height=\"1200\" src=\"https:\/\/vinhomadeira.web.uma.pt\/wp-content\/uploads\/2025\/07\/Imagem-WhatsApp-2025-06-23-as-16.16.00_72198382.jpg\" alt=\"\" class=\"wp-image-1392\"\/><\/figure>\n\n\n\n<div style=\"height:57px\" aria-hidden=\"true\" class=\"wp-block-spacer\"><\/div>\n\n\n\n<h2 class=\"wp-block-heading\">Useful Information for Visitors<\/h2>\n\n\n\n<p class=\"translation-block\"><strong>Duration:<\/strong> 1 hour<br><strong>Location:<\/strong> C\u00e2mara de Lobos, South Coast of Madeira<br><strong>GPS:<\/strong> 32\u00b040\u201930.47\u2033N 16\u00b059\u201916.68\u2033W<\/p>\n\n\n\n<p class=\"translation-block\">Itinerary: To reach the parish of Estreito de C\u00e2mara de Lobos from Funchal, take the VR1 westbound and exit at Estreito de C\u00e2mara de Lobos. Continue uphill along the local roads, passing through the town centre, heading north. The vineyard is located in the Figueira area, the highest rural part of the parish. The journey takes approximately 20 to 25 minutes.<\/p>\n\n\n\n<p class=\"translation-block\"><strong>Route conditions:<\/strong> This is a moderately difficult walk. Comfortable footwear is recommended.<\/p>\n\n\n\n<p class=\"translation-block\"><strong>Contact:<\/strong> Madeira Lino Pinto<br><strong>Telephone:<\/strong> +351 968 279 771 | <a target=\"_self\">pintolino25@hotmail.com<\/a><\/p>\n\n\n\n<p class=\"translation-block\">Includes: a guided walk through the vineyard with explanations about heroic viticulture; views of the sea, vineyards, and mountains; tasting of dry wine and Madeira wine accompanied by snacks.<\/p>\n\n\n\n<p>Download brochure (<a href=\"https:\/\/vinhomadeira.web.uma.pt\/wp-content\/uploads\/2025\/07\/Pinto-Figueira-Vineyard-brochure.pdf\">PDF<\/a>).<\/p>\n\n\n\n<div style=\"height:100px\" aria-hidden=\"true\" class=\"wp-block-spacer\"><\/div>\n\n\n\n<p><br>To learn more about the other vineyards you can visit, see <strong><a href=\"https:\/\/vinhomadeira.web.uma.pt\/en\/visite-vinhas-heroicas\/\" data-type=\"page\" data-id=\"1530\">here<\/a><\/strong>.<\/p>\n\n\n\n<p class=\"translation-block\">We explain how tourism can help sustain viticulture <a href=\"https:\/\/vinhomadeira.web.uma.pt\/en\/apoiar-os-viticultores\/\" data-type=\"page\" data-id=\"1419\" target=\"_self\"><strong>here<\/strong><\/a>.<\/p>\n\n\n\n<p class=\"translation-block\">To learn more about the HeViTOUR MAD project, click <a href=\"https:\/\/vinhomadeira.web.uma.pt\/en\/o-projeto-hevitour\/\" data-type=\"page\" data-id=\"1374\" target=\"_self\"><strong>here<\/strong><\/a>.<\/p>\n\n\n\n<p class=\"translation-block\">Do you have a vineyard and want to welcome visitors? See how we can support you <a href=\"https:\/\/vinhomadeira.web.uma.pt\/en\/quero-receber-turistas-na-minha-vinha\/\" data-type=\"page\" data-id=\"1434\" target=\"_self\"><strong>here<\/strong><\/a>.<\/p>","protected":false},"excerpt":{"rendered":"<p>&#8230; uma adega centen\u00e1ria onde ainda ecoam os ritmos da vindima, enquanto Lino continua a pisar as uvas com os p\u00e9s, tal como os seus antepassados &#8230; Vivenciar a Tradi\u00e7\u00e3o: a Experi\u00eancia Descubra a alma do vinho Madeira com Lino Pinto, um dedicado viticultor e winemaker, na vinha Pinto Figueira \u2014 uma propriedade familiar centen\u00e1ria, [&hellip;]<\/p>","protected":false},"author":2,"featured_media":0,"parent":0,"menu_order":0,"comment_status":"closed","ping_status":"closed","template":"","meta":{"footnotes":""},"class_list":["post-1389","page","type-page","status-publish","hentry"],"_links":{"self":[{"href":"https:\/\/vinhomadeira.web.uma.pt\/en\/wp-json\/wp\/v2\/pages\/1389","targetHints":{"allow":["GET"]}}],"collection":[{"href":"https:\/\/vinhomadeira.web.uma.pt\/en\/wp-json\/wp\/v2\/pages"}],"about":[{"href":"https:\/\/vinhomadeira.web.uma.pt\/en\/wp-json\/wp\/v2\/types\/page"}],"author":[{"embeddable":true,"href":"https:\/\/vinhomadeira.web.uma.pt\/en\/wp-json\/wp\/v2\/users\/2"}],"replies":[{"embeddable":true,"href":"https:\/\/vinhomadeira.web.uma.pt\/en\/wp-json\/wp\/v2\/comments?post=1389"}],"version-history":[{"count":15,"href":"https:\/\/vinhomadeira.web.uma.pt\/en\/wp-json\/wp\/v2\/pages\/1389\/revisions"}],"predecessor-version":[{"id":1542,"href":"https:\/\/vinhomadeira.web.uma.pt\/en\/wp-json\/wp\/v2\/pages\/1389\/revisions\/1542"}],"wp:attachment":[{"href":"https:\/\/vinhomadeira.web.uma.pt\/en\/wp-json\/wp\/v2\/media?parent=1389"}],"curies":[{"name":"wp","href":"https:\/\/api.w.org\/{rel}","templated":true}]}}